{"id":2543,"date":"2025-05-27T10:51:27","date_gmt":"2025-05-27T10:51:27","guid":{"rendered":"https:\/\/torrevequia.com\/?page_id=2543"},"modified":"2025-05-27T12:14:49","modified_gmt":"2025-05-27T12:14:49","slug":"aipora","status":"publish","type":"page","link":"https:\/\/torrevequia.com\/en\/aipora\/","title":{"rendered":"Aipora"},"content":{"rendered":"\t\t<div data-elementor-type=\"wp-page\" data-elementor-id=\"2543\" class=\"elementor elementor-2543\" data-elementor-post-type=\"page\">\n\t\t\t\t<div class=\"elementor-element elementor-element-5b125ad5 e-con-full e-flex e-con e-parent\" data-id=\"5b125ad5\" data-element_type=\"container\" data-e-type=\"container\" data-settings=\"{&quot;background_background&quot;:&quot;classic&quot;}\">\n\t\t<div class=\"elementor-element elementor-element-7acb998 e-con-full e-flex e-con e-child\" data-id=\"7acb998\" data-element_type=\"container\" data-e-type=\"container\">\n\t\t\t\t<div class=\"elementor-element elementor-element-66963b96 elementor-widget-mobile__width-initial elementor-widget elementor-widget-image\" data-id=\"66963b96\" data-element_type=\"widget\" data-e-type=\"widget\" data-settings=\"{&quot;motion_fx_motion_fx_scrolling&quot;:&quot;yes&quot;,&quot;motion_fx_translateY_effect&quot;:&quot;yes&quot;,&quot;motion_fx_translateY_speed&quot;:{&quot;unit&quot;:&quot;px&quot;,&quot;size&quot;:1,&quot;sizes&quot;:[]},&quot;motion_fx_devices&quot;:[&quot;desktop&quot;,&quot;tablet&quot;],&quot;motion_fx_translateY_affectedRange&quot;:{&quot;unit&quot;:&quot;%&quot;,&quot;size&quot;:&quot;&quot;,&quot;sizes&quot;:{&quot;start&quot;:0,&quot;end&quot;:100}}}\" data-widget_type=\"image.default\">\n\t\t\t\t<div class=\"elementor-widget-container\">\n\t\t\t\t\t\t\t\t\t\t\t\t\t\t\t<img fetchpriority=\"high\" decoding=\"async\" width=\"768\" height=\"1024\" src=\"https:\/\/torrevequia.com\/wp-content\/uploads\/2025\/05\/Casa-Palacio-768x1024.jpg\" class=\"attachment-medium_large size-medium_large wp-image-2640\" alt=\"\" srcset=\"https:\/\/torrevequia.com\/wp-content\/uploads\/2025\/05\/Casa-Palacio-768x1024.jpg 768w, https:\/\/torrevequia.com\/wp-content\/uploads\/2025\/05\/Casa-Palacio-225x300.jpg 225w, https:\/\/torrevequia.com\/wp-content\/uploads\/2025\/05\/Casa-Palacio-1152x1536.jpg 1152w, https:\/\/torrevequia.com\/wp-content\/uploads\/2025\/05\/Casa-Palacio-1536x2048.jpg 1536w, https:\/\/torrevequia.com\/wp-content\/uploads\/2025\/05\/Casa-Palacio-9x12.jpg 9w, https:\/\/torrevequia.com\/wp-content\/uploads\/2025\/05\/Casa-Palacio-scaled.jpg 1920w\" sizes=\"(max-width: 768px) 100vw, 768px\" \/>\t\t\t\t\t\t\t\t\t\t\t\t\t\t\t<\/div>\n\t\t\t\t<\/div>\n\t\t\t\t<div class=\"elementor-element elementor-element-757f71af elementor-widget-mobile__width-initial elementor-widget elementor-widget-image\" data-id=\"757f71af\" data-element_type=\"widget\" data-e-type=\"widget\" data-settings=\"{&quot;motion_fx_motion_fx_scrolling&quot;:&quot;yes&quot;,&quot;motion_fx_translateY_effect&quot;:&quot;yes&quot;,&quot;motion_fx_translateY_direction&quot;:&quot;negative&quot;,&quot;motion_fx_translateY_speed&quot;:{&quot;unit&quot;:&quot;px&quot;,&quot;size&quot;:1,&quot;sizes&quot;:[]},&quot;motion_fx_devices&quot;:[&quot;desktop&quot;,&quot;tablet&quot;],&quot;motion_fx_translateY_affectedRange&quot;:{&quot;unit&quot;:&quot;%&quot;,&quot;size&quot;:&quot;&quot;,&quot;sizes&quot;:{&quot;start&quot;:0,&quot;end&quot;:100}}}\" data-widget_type=\"image.default\">\n\t\t\t\t<div class=\"elementor-widget-container\">\n\t\t\t\t\t\t\t\t\t\t\t\t\t\t\t<img decoding=\"async\" width=\"768\" height=\"1154\" src=\"https:\/\/torrevequia.com\/wp-content\/uploads\/2025\/05\/Foto-comercial-1-768x1154.jpg\" class=\"attachment-medium_large size-medium_large wp-image-2552\" alt=\"\" srcset=\"https:\/\/torrevequia.com\/wp-content\/uploads\/2025\/05\/Foto-comercial-1-768x1154.jpg 768w, https:\/\/torrevequia.com\/wp-content\/uploads\/2025\/05\/Foto-comercial-1-200x300.jpg 200w, https:\/\/torrevequia.com\/wp-content\/uploads\/2025\/05\/Foto-comercial-1-681x1024.jpg 681w, https:\/\/torrevequia.com\/wp-content\/uploads\/2025\/05\/Foto-comercial-1-1022x1536.jpg 1022w, https:\/\/torrevequia.com\/wp-content\/uploads\/2025\/05\/Foto-comercial-1-1363x2048.jpg 1363w, https:\/\/torrevequia.com\/wp-content\/uploads\/2025\/05\/Foto-comercial-1-8x12.jpg 8w, https:\/\/torrevequia.com\/wp-content\/uploads\/2025\/05\/Foto-comercial-1.jpg 1416w\" sizes=\"(max-width: 768px) 100vw, 768px\" \/>\t\t\t\t\t\t\t\t\t\t\t\t\t\t\t<\/div>\n\t\t\t\t<\/div>\n\t\t\t\t<\/div>\n\t\t<div class=\"elementor-element elementor-element-5513c14e e-con-full e-flex e-con e-child\" data-id=\"5513c14e\" data-element_type=\"container\" data-e-type=\"container\">\n\t\t\t\t<div class=\"elementor-element elementor-element-113ec34 elementor-widget elementor-widget-image\" data-id=\"113ec34\" data-element_type=\"widget\" data-e-type=\"widget\" data-widget_type=\"image.default\">\n\t\t\t\t<div class=\"elementor-widget-container\">\n\t\t\t\t\t\t\t\t\t\t\t\t\t\t\t<img decoding=\"async\" width=\"300\" height=\"300\" src=\"https:\/\/torrevequia.com\/wp-content\/uploads\/2025\/04\/PHOTO-2025-03-20-11-43-22-ico-300x300.png\" class=\"attachment-medium size-medium wp-image-1527\" alt=\"\" srcset=\"https:\/\/torrevequia.com\/wp-content\/uploads\/2025\/04\/PHOTO-2025-03-20-11-43-22-ico-300x300.png 300w, https:\/\/torrevequia.com\/wp-content\/uploads\/2025\/04\/PHOTO-2025-03-20-11-43-22-ico-150x150.png 150w, https:\/\/torrevequia.com\/wp-content\/uploads\/2025\/04\/PHOTO-2025-03-20-11-43-22-ico-768x768.png 768w, https:\/\/torrevequia.com\/wp-content\/uploads\/2025\/04\/PHOTO-2025-03-20-11-43-22-ico-12x12.png 12w, https:\/\/torrevequia.com\/wp-content\/uploads\/2025\/04\/PHOTO-2025-03-20-11-43-22-ico.png 992w\" sizes=\"(max-width: 300px) 100vw, 300px\" \/>\t\t\t\t\t\t\t\t\t\t\t\t\t\t\t<\/div>\n\t\t\t\t<\/div>\n\t\t\t\t<div class=\"elementor-element elementor-element-14307af7 elementor-invisible elementor-widget elementor-widget-text-editor\" data-id=\"14307af7\" data-element_type=\"widget\" data-e-type=\"widget\" data-settings=\"{&quot;_animation&quot;:&quot;fadeIn&quot;,&quot;_animation_delay&quot;:200}\" data-widget_type=\"text-editor.default\">\n\t\t\t\t<div class=\"elementor-widget-container\">\n\t\t\t\t\t\t\t\t\t<p class=\"p1\">AIPORA\u00a0<span style=\"letter-spacing: 0px;\">es el nombre con el que fenicios, griegos y despu\u00e9s romanos identificaron el antiguo asentamiento de lo que actualmente es MONTORO<\/span><b style=\"letter-spacing: 0px;\"><i>.<\/i><\/b><\/p><p class=\"p3\">Denominamos AIPORA a nuestro Aove en reconocimiento a nuestra procedencia, a la excelencia y a la singularidad de nuestro Aceite de Oliva Virgen Extra.<\/p><p class=\"p3\">Destacamos la importancia del Origen de nuestro Aceite de Oliva Virgen Extra, porque incluso hace ya 2000 a\u00f1os, la propia Roma reconoc\u00eda el Aceite de Oliva producido en la B\u00e9tica y con origen en el Alto Guadalquivir como uno de los mejores del Imperio.<\/p>\t\t\t\t\t\t\t\t<\/div>\n\t\t\t\t<\/div>\n\t\t\t\t<\/div>\n\t\t\t\t<\/div>\n\t\t<div class=\"elementor-element elementor-element-d60a2f9 e-con-full e-flex e-con e-parent\" data-id=\"d60a2f9\" data-element_type=\"container\" data-e-type=\"container\" data-settings=\"{&quot;background_background&quot;:&quot;classic&quot;}\">\n\t\t\t\t<div class=\"elementor-element elementor-element-ed77c98 elementor-widget elementor-widget-text-editor\" data-id=\"ed77c98\" data-element_type=\"widget\" data-e-type=\"widget\" data-widget_type=\"text-editor.default\">\n\t\t\t\t<div class=\"elementor-widget-container\">\n\t\t\t\t\t\t\t\t\t<p class=\"p1\">Actualmente, el Aceite de Oliva Virgen Extra de los olivares de Montoro-Adamuz, mantienen esa calidad, destacando su valor como Fuente Natural de Salud gracias a su alto contenido en polifenoles y antioxidantes naturales, que acreditan resultados excepcionales para la salud.<\/p><p class=\"p1\"><span class=\"s1\">Con nuestro Aove AIPORA queremos transmitir esa<\/span> experiencia, en la que Patrimonio Natural y Cultural y tambi\u00e9n Aceite de oliva quedan intr\u00ednsecamente unidos en un objetivo \u00fanico:<\/p><p class=\"p1\"><em>\u00bb Recordar y destacar la esencia de los valores culturales, la artesan\u00eda y el estilo de vida saludables, iconos excepcionales de nuestras costumbres y tradici\u00f3n mediterr\u00e1neas. \u00ab<\/em><\/p>\t\t\t\t\t\t\t\t<\/div>\n\t\t\t\t<\/div>\n\t\t\t\t<\/div>\n\t\t<div class=\"elementor-element elementor-element-665d69c6 e-flex e-con-boxed e-con e-parent\" data-id=\"665d69c6\" data-element_type=\"container\" data-e-type=\"container\" data-settings=\"{&quot;background_background&quot;:&quot;classic&quot;}\">\n\t\t\t\t\t<div class=\"e-con-inner\">\n\t\t<div class=\"elementor-element elementor-element-15d34684 e-con-full e-flex elementor-invisible e-con e-child\" data-id=\"15d34684\" data-element_type=\"container\" data-e-type=\"container\" data-settings=\"{&quot;background_background&quot;:&quot;gradient&quot;,&quot;animation&quot;:&quot;fadeInUp&quot;,&quot;animation_delay&quot;:&quot;100&quot;}\">\n\t\t\t\t<div class=\"elementor-element elementor-element-3f7da548 elementor-widget__width-inherit elementor-widget elementor-widget-image\" data-id=\"3f7da548\" data-element_type=\"widget\" data-e-type=\"widget\" data-widget_type=\"image.default\">\n\t\t\t\t<div class=\"elementor-widget-container\">\n\t\t\t\t\t\t\t\t\t\t\t\t\t\t\t<img loading=\"lazy\" decoding=\"async\" width=\"683\" height=\"1024\" src=\"https:\/\/torrevequia.com\/wp-content\/uploads\/2025\/05\/8437013028431-Aipora-683x1024.jpg\" class=\"attachment-large size-large wp-image-2606\" alt=\"\" srcset=\"https:\/\/torrevequia.com\/wp-content\/uploads\/2025\/05\/8437013028431-Aipora-683x1024.jpg 683w, https:\/\/torrevequia.com\/wp-content\/uploads\/2025\/05\/8437013028431-Aipora-200x300.jpg 200w, https:\/\/torrevequia.com\/wp-content\/uploads\/2025\/05\/8437013028431-Aipora-768x1152.jpg 768w, https:\/\/torrevequia.com\/wp-content\/uploads\/2025\/05\/8437013028431-Aipora-1024x1536.jpg 1024w, https:\/\/torrevequia.com\/wp-content\/uploads\/2025\/05\/8437013028431-Aipora-1365x2048.jpg 1365w, https:\/\/torrevequia.com\/wp-content\/uploads\/2025\/05\/8437013028431-Aipora-8x12.jpg 8w, https:\/\/torrevequia.com\/wp-content\/uploads\/2025\/05\/8437013028431-Aipora-scaled.jpg 1707w\" sizes=\"(max-width: 683px) 100vw, 683px\" \/>\t\t\t\t\t\t\t\t\t\t\t\t\t\t\t<\/div>\n\t\t\t\t<\/div>\n\t\t<div class=\"elementor-element elementor-element-34e9d53 e-con-full e-flex e-con e-child\" data-id=\"34e9d53\" data-element_type=\"container\" data-e-type=\"container\" data-settings=\"{&quot;background_background&quot;:&quot;classic&quot;}\">\n\t\t\t\t<div class=\"elementor-element elementor-element-24d212aa elementor-widget elementor-widget-heading\" data-id=\"24d212aa\" data-element_type=\"widget\" data-e-type=\"widget\" data-widget_type=\"heading.default\">\n\t\t\t\t<div class=\"elementor-widget-container\">\n\t\t\t\t\t<p class=\"elementor-heading-title elementor-size-default\">AIPORA<\/p>\t\t\t\t<\/div>\n\t\t\t\t<\/div>\n\t\t\t\t<div class=\"elementor-element elementor-element-c71ebce elementor-widget elementor-widget-heading\" data-id=\"c71ebce\" data-element_type=\"widget\" data-e-type=\"widget\" data-widget_type=\"heading.default\">\n\t\t\t\t<div class=\"elementor-widget-container\">\n\t\t\t\t\t<h2 class=\"elementor-heading-title elementor-size-default\">Aceite de Oliva Virgen Extra<\/h2>\t\t\t\t<\/div>\n\t\t\t\t<\/div>\n\t\t\t\t<div class=\"elementor-element elementor-element-61ef5d9f elementor-widget elementor-widget-text-editor\" data-id=\"61ef5d9f\" data-element_type=\"widget\" data-e-type=\"widget\" data-widget_type=\"text-editor.default\">\n\t\t\t\t<div class=\"elementor-widget-container\">\n\t\t\t\t\t\t\t\t\t<p>Aceite de oliva virgen de categor\u00eda superior obtenido directamente de aceitunas y solo mediante procedimientos mec\u00e1nicos.<\/p>\t\t\t\t\t\t\t\t<\/div>\n\t\t\t\t<\/div>\n\t\t\t\t<div class=\"elementor-element elementor-element-5d0c8047 elementor-align-center elementor-mobile-align-center elementor-widget elementor-widget-button\" data-id=\"5d0c8047\" data-element_type=\"widget\" data-e-type=\"widget\" data-widget_type=\"button.default\">\n\t\t\t\t<div class=\"elementor-widget-container\">\n\t\t\t\t\t\t\t\t\t<div class=\"elementor-button-wrapper\">\n\t\t\t\t\t<a class=\"elementor-button elementor-button-link elementor-size-sm elementor-animation-grow\" href=\"https:\/\/www.solocordoba.com\">\n\t\t\t\t\t\t<span class=\"elementor-button-content-wrapper\">\n\t\t\t\t\t\t\t\t\t<span class=\"elementor-button-text\">Adquirir<\/span>\n\t\t\t\t\t<\/span>\n\t\t\t\t\t<\/a>\n\t\t\t\t<\/div>\n\t\t\t\t\t\t\t\t<\/div>\n\t\t\t\t<\/div>\n\t\t\t\t<\/div>\n\t\t\t\t<\/div>\n\t\t<div class=\"elementor-element elementor-element-35d8ff23 e-con-full e-flex elementor-invisible e-con e-child\" data-id=\"35d8ff23\" data-element_type=\"container\" data-e-type=\"container\" data-settings=\"{&quot;background_background&quot;:&quot;gradient&quot;,&quot;animation&quot;:&quot;fadeInUp&quot;,&quot;animation_delay&quot;:&quot;300&quot;}\">\n\t\t\t\t<div class=\"elementor-element elementor-element-3d42d7aa elementor-widget__width-inherit elementor-widget elementor-widget-image\" data-id=\"3d42d7aa\" data-element_type=\"widget\" data-e-type=\"widget\" data-widget_type=\"image.default\">\n\t\t\t\t<div class=\"elementor-widget-container\">\n\t\t\t\t\t\t\t\t\t\t\t\t\t\t\t<img loading=\"lazy\" decoding=\"async\" width=\"683\" height=\"1024\" src=\"https:\/\/torrevequia.com\/wp-content\/uploads\/2025\/05\/8437013028448-Aipora-SF-683x1024.jpg\" class=\"attachment-large size-large wp-image-2607\" alt=\"\" srcset=\"https:\/\/torrevequia.com\/wp-content\/uploads\/2025\/05\/8437013028448-Aipora-SF-683x1024.jpg 683w, https:\/\/torrevequia.com\/wp-content\/uploads\/2025\/05\/8437013028448-Aipora-SF-200x300.jpg 200w, https:\/\/torrevequia.com\/wp-content\/uploads\/2025\/05\/8437013028448-Aipora-SF-768x1152.jpg 768w, https:\/\/torrevequia.com\/wp-content\/uploads\/2025\/05\/8437013028448-Aipora-SF-1024x1536.jpg 1024w, https:\/\/torrevequia.com\/wp-content\/uploads\/2025\/05\/8437013028448-Aipora-SF-1365x2048.jpg 1365w, https:\/\/torrevequia.com\/wp-content\/uploads\/2025\/05\/8437013028448-Aipora-SF-8x12.jpg 8w, https:\/\/torrevequia.com\/wp-content\/uploads\/2025\/05\/8437013028448-Aipora-SF-scaled.jpg 1707w\" sizes=\"(max-width: 683px) 100vw, 683px\" \/>\t\t\t\t\t\t\t\t\t\t\t\t\t\t\t<\/div>\n\t\t\t\t<\/div>\n\t\t<div class=\"elementor-element elementor-element-5fde9518 e-con-full e-flex e-con e-child\" data-id=\"5fde9518\" data-element_type=\"container\" data-e-type=\"container\">\n\t\t\t\t<div class=\"elementor-element elementor-element-d9ac8ed elementor-widget elementor-widget-heading\" data-id=\"d9ac8ed\" data-element_type=\"widget\" data-e-type=\"widget\" data-widget_type=\"heading.default\">\n\t\t\t\t<div class=\"elementor-widget-container\">\n\t\t\t\t\t<p class=\"elementor-heading-title elementor-size-default\">AIPORA sin filtrar<\/p>\t\t\t\t<\/div>\n\t\t\t\t<\/div>\n\t\t\t\t<div class=\"elementor-element elementor-element-7b33636e elementor-widget elementor-widget-heading\" data-id=\"7b33636e\" data-element_type=\"widget\" data-e-type=\"widget\" data-widget_type=\"heading.default\">\n\t\t\t\t<div class=\"elementor-widget-container\">\n\t\t\t\t\t<h2 class=\"elementor-heading-title elementor-size-default\">Aceite de Oliva Virgen extra<\/h2>\t\t\t\t<\/div>\n\t\t\t\t<\/div>\n\t\t\t\t<div class=\"elementor-element elementor-element-19588711 elementor-widget elementor-widget-text-editor\" data-id=\"19588711\" data-element_type=\"widget\" data-e-type=\"widget\" data-widget_type=\"text-editor.default\">\n\t\t\t\t<div class=\"elementor-widget-container\">\n\t\t\t\t\t\t\t\t\t<p>Aceite de oliva virgen de categor\u00eda superior obtenido directamente de aceitunas y solo mediante procedimientos mec\u00e1nicos.<\/p>\t\t\t\t\t\t\t\t<\/div>\n\t\t\t\t<\/div>\n\t\t\t\t<div class=\"elementor-element elementor-element-6cea6361 elementor-align-center elementor-mobile-align-center elementor-widget elementor-widget-button\" data-id=\"6cea6361\" data-element_type=\"widget\" data-e-type=\"widget\" data-widget_type=\"button.default\">\n\t\t\t\t<div class=\"elementor-widget-container\">\n\t\t\t\t\t\t\t\t\t<div class=\"elementor-button-wrapper\">\n\t\t\t\t\t<a class=\"elementor-button elementor-button-link elementor-size-sm elementor-animation-grow\" href=\"https:\/\/www.solocordoba.com\">\n\t\t\t\t\t\t<span class=\"elementor-button-content-wrapper\">\n\t\t\t\t\t\t\t\t\t<span class=\"elementor-button-text\">Adquirir<\/span>\n\t\t\t\t\t<\/span>\n\t\t\t\t\t<\/a>\n\t\t\t\t<\/div>\n\t\t\t\t\t\t\t\t<\/div>\n\t\t\t\t<\/div>\n\t\t\t\t<\/div>\n\t\t\t\t<\/div>\n\t\t\t\t\t<\/div>\n\t\t\t\t<\/div>\n\t\t\t\t<\/div>\n\t\t","protected":false},"excerpt":{"rendered":"<p>AIPORA\u00a0es el nombre con el que fenicios, griegos y despu\u00e9s romanos identificaron el antiguo asentamiento de lo que actualmente es MONTORO. Denominamos AIPORA a nuestro Aove en reconocimiento a nuestra procedencia, a la excelencia y a la singularidad de nuestro Aceite de Oliva Virgen Extra. Destacamos la importancia del Origen de nuestro Aceite de Oliva [&hellip;]<\/p>\n","protected":false},"author":1,"featured_media":0,"parent":0,"menu_order":0,"comment_status":"closed","ping_status":"closed","template":"elementor_header_footer","meta":{"footnotes":""},"class_list":["post-2543","page","type-page","status-publish","hentry"],"yoast_head":"<!-- This site is optimized with the Yoast SEO plugin v27.3 - https:\/\/yoast.com\/product\/yoast-seo-wordpress\/ -->\n<title>Aipora - Torrevequia<\/title>\n<meta name=\"description\" content=\"AIPORA, aove en reconocimiento a nuestra procedencia, a la excelencia y a la singularidad de nuestro Aceite de Oliva Virgen Extra.\" \/>\n<meta name=\"robots\" content=\"index, follow, max-snippet:-1, max-image-preview:large, max-video-preview:-1\" \/>\n<link rel=\"canonical\" href=\"https:\/\/torrevequia.com\/en\/aipora\/\" \/>\n<meta property=\"og:locale\" content=\"en_GB\" \/>\n<meta property=\"og:type\" content=\"article\" \/>\n<meta property=\"og:title\" content=\"Aipora - Torrevequia\" \/>\n<meta property=\"og:description\" content=\"AIPORA, aove en reconocimiento a nuestra procedencia, a la excelencia y a la singularidad de nuestro Aceite de Oliva Virgen Extra.\" \/>\n<meta property=\"og:url\" content=\"https:\/\/torrevequia.com\/en\/aipora\/\" \/>\n<meta property=\"og:site_name\" content=\"Torrevequia\" \/>\n<meta property=\"article:publisher\" content=\"https:\/\/facebook.com\/share\/15myzvFqeN\/?mibextid=wwXlfr\" \/>\n<meta property=\"article:modified_time\" content=\"2025-05-27T12:14:49+00:00\" \/>\n<meta property=\"og:image\" content=\"https:\/\/torrevequia.com\/wp-content\/uploads\/2025\/05\/Casa-Palacio-scaled.jpg\" \/>\n\t<meta property=\"og:image:width\" content=\"1920\" \/>\n\t<meta property=\"og:image:height\" content=\"2560\" \/>\n\t<meta property=\"og:image:type\" content=\"image\/jpeg\" \/>\n<meta name=\"twitter:card\" content=\"summary_large_image\" \/>\n<meta name=\"twitter:label1\" content=\"Estimated reading time\" \/>\n\t<meta name=\"twitter:data1\" content=\"3 minutes\" \/>\n<script type=\"application\/ld+json\" class=\"yoast-schema-graph\">{\"@context\":\"https:\\\/\\\/schema.org\",\"@graph\":[{\"@type\":\"WebPage\",\"@id\":\"https:\\\/\\\/torrevequia.com\\\/aipora\\\/\",\"url\":\"https:\\\/\\\/torrevequia.com\\\/aipora\\\/\",\"name\":\"Aipora - Torrevequia\",\"isPartOf\":{\"@id\":\"https:\\\/\\\/torrevequia.com\\\/#website\"},\"primaryImageOfPage\":{\"@id\":\"https:\\\/\\\/torrevequia.com\\\/aipora\\\/#primaryimage\"},\"image\":{\"@id\":\"https:\\\/\\\/torrevequia.com\\\/aipora\\\/#primaryimage\"},\"thumbnailUrl\":\"https:\\\/\\\/torrevequia.com\\\/wp-content\\\/uploads\\\/2025\\\/05\\\/Casa-Palacio-768x1024.jpg\",\"datePublished\":\"2025-05-27T10:51:27+00:00\",\"dateModified\":\"2025-05-27T12:14:49+00:00\",\"description\":\"AIPORA, aove en reconocimiento a nuestra procedencia, a la excelencia y a la singularidad de nuestro Aceite de Oliva Virgen Extra.\",\"breadcrumb\":{\"@id\":\"https:\\\/\\\/torrevequia.com\\\/aipora\\\/#breadcrumb\"},\"inLanguage\":\"en-GB\",\"potentialAction\":[{\"@type\":\"ReadAction\",\"target\":[\"https:\\\/\\\/torrevequia.com\\\/aipora\\\/\"]}]},{\"@type\":\"ImageObject\",\"inLanguage\":\"en-GB\",\"@id\":\"https:\\\/\\\/torrevequia.com\\\/aipora\\\/#primaryimage\",\"url\":\"https:\\\/\\\/torrevequia.com\\\/wp-content\\\/uploads\\\/2025\\\/05\\\/Casa-Palacio-768x1024.jpg\",\"contentUrl\":\"https:\\\/\\\/torrevequia.com\\\/wp-content\\\/uploads\\\/2025\\\/05\\\/Casa-Palacio-768x1024.jpg\"},{\"@type\":\"BreadcrumbList\",\"@id\":\"https:\\\/\\\/torrevequia.com\\\/aipora\\\/#breadcrumb\",\"itemListElement\":[{\"@type\":\"ListItem\",\"position\":1,\"name\":\"Portada\",\"item\":\"https:\\\/\\\/torrevequia.com\\\/\"},{\"@type\":\"ListItem\",\"position\":2,\"name\":\"Aipora\"}]},{\"@type\":\"WebSite\",\"@id\":\"https:\\\/\\\/torrevequia.com\\\/#website\",\"url\":\"https:\\\/\\\/torrevequia.com\\\/\",\"name\":\"Torrevequia\",\"description\":\"Aceite de Oliva Virgen Extra TORREVEQUIA: tradici\u00f3n, calidad y sostenibilidad.\",\"publisher\":{\"@id\":\"https:\\\/\\\/torrevequia.com\\\/#organization\"},\"alternateName\":\"Aceite de Oliva Virgen Extra TORREVEQUIA: tradici\u00f3n, sostenibilidad y calidad.\",\"potentialAction\":[{\"@type\":\"SearchAction\",\"target\":{\"@type\":\"EntryPoint\",\"urlTemplate\":\"https:\\\/\\\/torrevequia.com\\\/?s={search_term_string}\"},\"query-input\":{\"@type\":\"PropertyValueSpecification\",\"valueRequired\":true,\"valueName\":\"search_term_string\"}}],\"inLanguage\":\"en-GB\"},{\"@type\":\"Organization\",\"@id\":\"https:\\\/\\\/torrevequia.com\\\/#organization\",\"name\":\"Torrevequia\",\"url\":\"https:\\\/\\\/torrevequia.com\\\/\",\"logo\":{\"@type\":\"ImageObject\",\"inLanguage\":\"en-GB\",\"@id\":\"https:\\\/\\\/torrevequia.com\\\/#\\\/schema\\\/logo\\\/image\\\/\",\"url\":\"https:\\\/\\\/torrevequia.com\\\/wp-content\\\/uploads\\\/2025\\\/03\\\/TORREVEQUIA-negro-scaled.jpg\",\"contentUrl\":\"https:\\\/\\\/torrevequia.com\\\/wp-content\\\/uploads\\\/2025\\\/03\\\/TORREVEQUIA-negro-scaled.jpg\",\"width\":2560,\"height\":2560,\"caption\":\"Torrevequia\"},\"image\":{\"@id\":\"https:\\\/\\\/torrevequia.com\\\/#\\\/schema\\\/logo\\\/image\\\/\"},\"sameAs\":[\"https:\\\/\\\/facebook.com\\\/share\\\/15myzvFqeN\\\/?mibextid=wwXlfr\",\"https:\\\/\\\/www.instagram.com\\\/torrevequia\\\/?hl=es\"]}]}<\/script>\n<!-- \/ Yoast SEO plugin. -->","yoast_head_json":{"title":"Aipora - Torrevequia","description":"AIPORA, aove en reconocimiento a nuestra procedencia, a la excelencia y a la singularidad de nuestro Aceite de Oliva Virgen Extra.","robots":{"index":"index","follow":"follow","max-snippet":"max-snippet:-1","max-image-preview":"max-image-preview:large","max-video-preview":"max-video-preview:-1"},"canonical":"https:\/\/torrevequia.com\/en\/aipora\/","og_locale":"en_GB","og_type":"article","og_title":"Aipora - Torrevequia","og_description":"AIPORA, aove en reconocimiento a nuestra procedencia, a la excelencia y a la singularidad de nuestro Aceite de Oliva Virgen Extra.","og_url":"https:\/\/torrevequia.com\/en\/aipora\/","og_site_name":"Torrevequia","article_publisher":"https:\/\/facebook.com\/share\/15myzvFqeN\/?mibextid=wwXlfr","article_modified_time":"2025-05-27T12:14:49+00:00","og_image":[{"width":1920,"height":2560,"url":"https:\/\/torrevequia.com\/wp-content\/uploads\/2025\/05\/Casa-Palacio-scaled.jpg","type":"image\/jpeg"}],"twitter_card":"summary_large_image","twitter_misc":{"Estimated reading time":"3 minutes"},"schema":{"@context":"https:\/\/schema.org","@graph":[{"@type":"WebPage","@id":"https:\/\/torrevequia.com\/aipora\/","url":"https:\/\/torrevequia.com\/aipora\/","name":"Aipora - Torrevequia","isPartOf":{"@id":"https:\/\/torrevequia.com\/#website"},"primaryImageOfPage":{"@id":"https:\/\/torrevequia.com\/aipora\/#primaryimage"},"image":{"@id":"https:\/\/torrevequia.com\/aipora\/#primaryimage"},"thumbnailUrl":"https:\/\/torrevequia.com\/wp-content\/uploads\/2025\/05\/Casa-Palacio-768x1024.jpg","datePublished":"2025-05-27T10:51:27+00:00","dateModified":"2025-05-27T12:14:49+00:00","description":"AIPORA, aove en reconocimiento a nuestra procedencia, a la excelencia y a la singularidad de nuestro Aceite de Oliva Virgen Extra.","breadcrumb":{"@id":"https:\/\/torrevequia.com\/aipora\/#breadcrumb"},"inLanguage":"en-GB","potentialAction":[{"@type":"ReadAction","target":["https:\/\/torrevequia.com\/aipora\/"]}]},{"@type":"ImageObject","inLanguage":"en-GB","@id":"https:\/\/torrevequia.com\/aipora\/#primaryimage","url":"https:\/\/torrevequia.com\/wp-content\/uploads\/2025\/05\/Casa-Palacio-768x1024.jpg","contentUrl":"https:\/\/torrevequia.com\/wp-content\/uploads\/2025\/05\/Casa-Palacio-768x1024.jpg"},{"@type":"BreadcrumbList","@id":"https:\/\/torrevequia.com\/aipora\/#breadcrumb","itemListElement":[{"@type":"ListItem","position":1,"name":"Portada","item":"https:\/\/torrevequia.com\/"},{"@type":"ListItem","position":2,"name":"Aipora"}]},{"@type":"WebSite","@id":"https:\/\/torrevequia.com\/#website","url":"https:\/\/torrevequia.com\/","name":"Torrevequia","description":"Aceite de Oliva Virgen Extra TORREVEQUIA: tradici\u00f3n, calidad y sostenibilidad.","publisher":{"@id":"https:\/\/torrevequia.com\/#organization"},"alternateName":"Aceite de Oliva Virgen Extra TORREVEQUIA: tradici\u00f3n, sostenibilidad y calidad.","potentialAction":[{"@type":"SearchAction","target":{"@type":"EntryPoint","urlTemplate":"https:\/\/torrevequia.com\/?s={search_term_string}"},"query-input":{"@type":"PropertyValueSpecification","valueRequired":true,"valueName":"search_term_string"}}],"inLanguage":"en-GB"},{"@type":"Organization","@id":"https:\/\/torrevequia.com\/#organization","name":"Torrevequia","url":"https:\/\/torrevequia.com\/","logo":{"@type":"ImageObject","inLanguage":"en-GB","@id":"https:\/\/torrevequia.com\/#\/schema\/logo\/image\/","url":"https:\/\/torrevequia.com\/wp-content\/uploads\/2025\/03\/TORREVEQUIA-negro-scaled.jpg","contentUrl":"https:\/\/torrevequia.com\/wp-content\/uploads\/2025\/03\/TORREVEQUIA-negro-scaled.jpg","width":2560,"height":2560,"caption":"Torrevequia"},"image":{"@id":"https:\/\/torrevequia.com\/#\/schema\/logo\/image\/"},"sameAs":["https:\/\/facebook.com\/share\/15myzvFqeN\/?mibextid=wwXlfr","https:\/\/www.instagram.com\/torrevequia\/?hl=es"]}]}},"_links":{"self":[{"href":"https:\/\/torrevequia.com\/en\/wp-json\/wp\/v2\/pages\/2543","targetHints":{"allow":["GET"]}}],"collection":[{"href":"https:\/\/torrevequia.com\/en\/wp-json\/wp\/v2\/pages"}],"about":[{"href":"https:\/\/torrevequia.com\/en\/wp-json\/wp\/v2\/types\/page"}],"author":[{"embeddable":true,"href":"https:\/\/torrevequia.com\/en\/wp-json\/wp\/v2\/users\/1"}],"replies":[{"embeddable":true,"href":"https:\/\/torrevequia.com\/en\/wp-json\/wp\/v2\/comments?post=2543"}],"version-history":[{"count":0,"href":"https:\/\/torrevequia.com\/en\/wp-json\/wp\/v2\/pages\/2543\/revisions"}],"wp:attachment":[{"href":"https:\/\/torrevequia.com\/en\/wp-json\/wp\/v2\/media?parent=2543"}],"curies":[{"name":"wp","href":"https:\/\/api.w.org\/{rel}","templated":true}]}}