{"id":38,"date":"2025-03-18T11:50:54","date_gmt":"2025-03-18T11:50:54","guid":{"rendered":"https:\/\/torrevequia.com\/?page_id=38"},"modified":"2025-04-08T15:38:33","modified_gmt":"2025-04-08T15:38:33","slug":"historia","status":"publish","type":"page","link":"https:\/\/torrevequia.com\/en\/historia\/","title":{"rendered":"History"},"content":{"rendered":"<div data-elementor-type=\"wp-page\" data-elementor-id=\"38\" class=\"elementor elementor-38\" data-elementor-post-type=\"page\">\n\t\t\t\t<div class=\"elementor-element elementor-element-23414f87 e-con-full e-flex e-con e-parent\" data-id=\"23414f87\" data-element_type=\"container\" data-e-type=\"container\" data-settings=\"{&quot;background_background&quot;:&quot;classic&quot;}\">\n\t\t\t\t<div class=\"elementor-element elementor-element-422e30f4 animated-slow elementor-invisible elementor-widget elementor-widget-heading\" data-id=\"422e30f4\" data-element_type=\"widget\" data-e-type=\"widget\" data-settings=\"{&quot;_animation&quot;:&quot;slideInUp&quot;}\" data-widget_type=\"heading.default\">\n\t\t\t\t<div class=\"elementor-widget-container\">\n\t\t\t\t\t<h2 class=\"elementor-heading-title elementor-size-default\">TORREVEQUIA<\/h2>\t\t\t\t<\/div>\n\t\t\t\t<\/div>\n\t\t\t\t<div class=\"elementor-element elementor-element-39db41ac animated-slow elementor-invisible elementor-widget elementor-widget-heading\" data-id=\"39db41ac\" data-element_type=\"widget\" data-e-type=\"widget\" data-settings=\"{&quot;_animation&quot;:&quot;slideInUp&quot;}\" data-widget_type=\"heading.default\">\n\t\t\t\t<div class=\"elementor-widget-container\">\n\t\t\t\t\t<h2 class=\"elementor-heading-title elementor-size-default\">HISTORY<\/h2>\t\t\t\t<\/div>\n\t\t\t\t<\/div>\n\t\t\t\t<\/div>\n\t\t<div class=\"elementor-element elementor-element-27f925b9 e-con-full e-flex e-con e-parent\" data-id=\"27f925b9\" data-element_type=\"container\" data-e-type=\"container\" data-settings=\"{&quot;background_background&quot;:&quot;classic&quot;}\">\n\t\t\t\t<div class=\"elementor-element elementor-element-5b1b9e10 elementor-widget elementor-widget-image-box\" data-id=\"5b1b9e10\" data-element_type=\"widget\" data-e-type=\"widget\" data-widget_type=\"image-box.default\">\n\t\t\t\t<div class=\"elementor-widget-container\">\n\t\t\t\t\t<div class=\"elementor-image-box-wrapper\"><div class=\"elementor-image-box-content\"><p class=\"elementor-image-box-description\">The history of TORREVEQUIA dates back to the 19th century, when in 1895 the family records the ownership of a small olive grove in the countryside of the Alto Guadalquivir in Cordoba, between the municipalities of Montoro and Bujalance. <br><br>\n\nTORREVEQUIA SL was founded in 2007 as a company specialising in the production, marketing and distribution of olive oils and all types of edible oils, continuing our tradition of olive growing. <br><br>\n\nContinuing the entrepreneurial spirit and tireless work inherited from our ancestors, our aim is to offer unique and authentic products. We transmit tradition in our products, offering with them a constant presence in a healthy gastronomy.<br>&lt;BR<\/p><\/div><\/div>\t\t\t\t<\/div>\n\t\t\t\t<\/div>\n\t\t\t\t<\/div>\n\t\t<div class=\"elementor-element elementor-element-d50ec5d e-con-full e-flex e-con e-parent\" data-id=\"d50ec5d\" data-element_type=\"container\" data-e-type=\"container\" data-settings=\"{&quot;background_background&quot;:&quot;classic&quot;}\">\n\t\t\t\t<div class=\"elementor-element elementor-element-87f5d44 elementor-widget elementor-widget-video\" data-id=\"87f5d44\" data-element_type=\"widget\" data-e-type=\"widget\" data-settings=\"{&quot;youtube_url&quot;:&quot;https:\\\/\\\/www.youtube.com\\\/watch?v=FYMrM1MHsKg&quot;,&quot;show_image_overlay&quot;:&quot;yes&quot;,&quot;image_overlay&quot;:{&quot;url&quot;:&quot;https:\\\/\\\/torrevequia.com\\\/wp-content\\\/uploads\\\/2025\\\/03\\\/1-fondo-equipo-web.jpg&quot;,&quot;id&quot;:559,&quot;size&quot;:&quot;&quot;,&quot;alt&quot;:&quot;&quot;,&quot;source&quot;:&quot;library&quot;},&quot;video_type&quot;:&quot;youtube&quot;,&quot;controls&quot;:&quot;yes&quot;}\" data-widget_type=\"video.default\">\n\t\t\t\t<div class=\"elementor-widget-container\">\n\t\t\t\t\t\t\t<div class=\"elementor-wrapper elementor-open-inline\">\n\t\t\t<div class=\"elementor-video\"><\/div>\t\t\t\t<div class=\"elementor-custom-embed-image-overlay\" style=\"background-image: url(https:\/\/torrevequia.com\/wp-content\/uploads\/2025\/03\/1-fondo-equipo-web.jpg);\">\n\t\t\t\t\t\t\t\t\t\t\t\t\t\t\t\t<div class=\"elementor-custom-embed-play\" role=\"button\" aria-label=\"Play video\" tabindex=\"0\">\n\t\t\t\t\t\t\t<svg aria-hidden=\"true\" class=\"e-font-icon-svg e-eicon-play\" viewbox=\"0 0 1000 1000\" xmlns=\"http:\/\/www.w3.org\/2000\/svg\"><path d=\"M838 162C746 71 633 25 500 25 371 25 258 71 163 162 71 254 25 367 25 500 25 633 71 746 163 837 254 929 367 979 500 979 633 979 746 933 838 837 929 746 975 633 975 500 975 367 929 254 838 162M808 192C892 279 933 379 933 500 933 621 892 725 808 808 725 892 621 938 500 938 379 938 279 896 196 808 113 725 67 621 67 500 67 379 108 279 196 192 279 108 383 62 500 62 621 62 721 108 808 192M438 392V642L642 517 438 392Z\"><\/path><\/svg>\t\t\t\t\t\t<\/div>\n\t\t\t\t\t\t\t\t\t<\/div>\n\t\t\t\t\t<\/div>\n\t\t\t\t\t\t<\/div>\n\t\t\t\t<\/div>\n\t\t\t\t<div class=\"elementor-element elementor-element-ce7e751 elementor-widget elementor-widget-image-box\" data-id=\"ce7e751\" data-element_type=\"widget\" data-e-type=\"widget\" data-widget_type=\"image-box.default\">\n\t\t\t\t<div class=\"elementor-widget-container\">\n\t\t\t\t\t<div class=\"elementor-image-box-wrapper\"><div class=\"elementor-image-box-content\"><p class=\"elementor-image-box-description\">Pride in our origins, together with an entrepreneurial spirit, humility, hard work and innovation have enabled us, over the years, to refine and develop new capabilities to meet the ever-increasing demands of the market.<br><br>\n\nOur commitment connects traditional agricultural values with the innovation and demands of the 21st century, offering unique and singular products that allow you to enjoy what is known as the \u2018Mediterranean lifestyle\u2019. <\/p><\/div><\/div>\t\t\t\t<\/div>\n\t\t\t\t<\/div>\n\t\t\t\t<\/div>\n\t\t\t\t<\/div>","protected":false},"excerpt":{"rendered":"<p>TORREVEQUIA HISTORIA La historia de TORREVEQUIA se remonta al siglo XIX, cuando ya en 1895 nos consta en la Familia la propiedad de un peque\u00f1o Olivar en la campi\u00f1a del Alto Guadalquivir cordob\u00e9s, entre los t\u00e9rminos de Montoro y Bujalance. Dando continuaci\u00f3n a nuestra tradici\u00f3n olivarera, TORREVEQUIA SL naci\u00f3 en 2007 como empresa comercializadora de [&hellip;]<\/p>\n","protected":false},"author":1,"featured_media":0,"parent":0,"menu_order":0,"comment_status":"closed","ping_status":"closed","template":"elementor_header_footer","meta":{"footnotes":""},"class_list":["post-38","page","type-page","status-publish","hentry"],"yoast_head":"<!-- This site is optimized with the Yoast SEO plugin v27.3 - https:\/\/yoast.com\/product\/yoast-seo-wordpress\/ -->\n<title>Historia - Torrevequia<\/title>\n<meta name=\"description\" content=\"La historia de TORREVEQUIA se remonta al siglo XIX, la propiedad familiar de un peque\u00f1o Olivar en la campi\u00f1a del Alto Guadalquivir cordob\u00e9s.\" \/>\n<meta name=\"robots\" content=\"index, follow, max-snippet:-1, max-image-preview:large, max-video-preview:-1\" \/>\n<link rel=\"canonical\" href=\"https:\/\/torrevequia.com\/en\/historia\/\" \/>\n<meta property=\"og:locale\" content=\"en_GB\" \/>\n<meta property=\"og:type\" content=\"article\" \/>\n<meta property=\"og:title\" content=\"Historia - Torrevequia\" \/>\n<meta property=\"og:description\" content=\"La historia de TORREVEQUIA se remonta al siglo XIX, la propiedad familiar de un peque\u00f1o Olivar en la campi\u00f1a del Alto Guadalquivir cordob\u00e9s.\" \/>\n<meta property=\"og:url\" content=\"https:\/\/torrevequia.com\/en\/historia\/\" \/>\n<meta property=\"og:site_name\" content=\"Torrevequia\" \/>\n<meta property=\"article:publisher\" content=\"https:\/\/facebook.com\/share\/15myzvFqeN\/?mibextid=wwXlfr\" \/>\n<meta property=\"article:modified_time\" content=\"2025-04-08T15:38:33+00:00\" \/>\n<meta property=\"og:image\" content=\"https:\/\/torrevequia.com\/wp-content\/uploads\/2025\/03\/TORREVEQUIA-negro-scaled.jpg\" \/>\n\t<meta property=\"og:image:width\" content=\"2560\" \/>\n\t<meta property=\"og:image:height\" content=\"2560\" \/>\n\t<meta property=\"og:image:type\" content=\"image\/jpeg\" \/>\n<meta name=\"twitter:card\" content=\"summary_large_image\" \/>\n<meta name=\"twitter:label1\" content=\"Estimated reading time\" \/>\n\t<meta name=\"twitter:data1\" content=\"1 minute\" \/>\n<script type=\"application\/ld+json\" class=\"yoast-schema-graph\">{\"@context\":\"https:\\\/\\\/schema.org\",\"@graph\":[{\"@type\":\"WebPage\",\"@id\":\"https:\\\/\\\/torrevequia.com\\\/historia\\\/\",\"url\":\"https:\\\/\\\/torrevequia.com\\\/historia\\\/\",\"name\":\"Historia - Torrevequia\",\"isPartOf\":{\"@id\":\"https:\\\/\\\/torrevequia.com\\\/#website\"},\"datePublished\":\"2025-03-18T11:50:54+00:00\",\"dateModified\":\"2025-04-08T15:38:33+00:00\",\"description\":\"La historia de TORREVEQUIA se remonta al siglo XIX, la propiedad familiar de un peque\u00f1o Olivar en la campi\u00f1a del Alto Guadalquivir cordob\u00e9s.\",\"breadcrumb\":{\"@id\":\"https:\\\/\\\/torrevequia.com\\\/historia\\\/#breadcrumb\"},\"inLanguage\":\"en-GB\",\"potentialAction\":[{\"@type\":\"ReadAction\",\"target\":[\"https:\\\/\\\/torrevequia.com\\\/historia\\\/\"]}]},{\"@type\":\"BreadcrumbList\",\"@id\":\"https:\\\/\\\/torrevequia.com\\\/historia\\\/#breadcrumb\",\"itemListElement\":[{\"@type\":\"ListItem\",\"position\":1,\"name\":\"Portada\",\"item\":\"https:\\\/\\\/torrevequia.com\\\/\"},{\"@type\":\"ListItem\",\"position\":2,\"name\":\"Historia\"}]},{\"@type\":\"WebSite\",\"@id\":\"https:\\\/\\\/torrevequia.com\\\/#website\",\"url\":\"https:\\\/\\\/torrevequia.com\\\/\",\"name\":\"Torrevequia\",\"description\":\"Aceite de Oliva Virgen Extra TORREVEQUIA: tradici\u00f3n, calidad y sostenibilidad.\",\"publisher\":{\"@id\":\"https:\\\/\\\/torrevequia.com\\\/#organization\"},\"alternateName\":\"Aceite de Oliva Virgen Extra TORREVEQUIA: tradici\u00f3n, sostenibilidad y calidad.\",\"potentialAction\":[{\"@type\":\"SearchAction\",\"target\":{\"@type\":\"EntryPoint\",\"urlTemplate\":\"https:\\\/\\\/torrevequia.com\\\/?s={search_term_string}\"},\"query-input\":{\"@type\":\"PropertyValueSpecification\",\"valueRequired\":true,\"valueName\":\"search_term_string\"}}],\"inLanguage\":\"en-GB\"},{\"@type\":\"Organization\",\"@id\":\"https:\\\/\\\/torrevequia.com\\\/#organization\",\"name\":\"Torrevequia\",\"url\":\"https:\\\/\\\/torrevequia.com\\\/\",\"logo\":{\"@type\":\"ImageObject\",\"inLanguage\":\"en-GB\",\"@id\":\"https:\\\/\\\/torrevequia.com\\\/#\\\/schema\\\/logo\\\/image\\\/\",\"url\":\"https:\\\/\\\/torrevequia.com\\\/wp-content\\\/uploads\\\/2025\\\/03\\\/TORREVEQUIA-negro-scaled.jpg\",\"contentUrl\":\"https:\\\/\\\/torrevequia.com\\\/wp-content\\\/uploads\\\/2025\\\/03\\\/TORREVEQUIA-negro-scaled.jpg\",\"width\":2560,\"height\":2560,\"caption\":\"Torrevequia\"},\"image\":{\"@id\":\"https:\\\/\\\/torrevequia.com\\\/#\\\/schema\\\/logo\\\/image\\\/\"},\"sameAs\":[\"https:\\\/\\\/facebook.com\\\/share\\\/15myzvFqeN\\\/?mibextid=wwXlfr\",\"https:\\\/\\\/www.instagram.com\\\/torrevequia\\\/?hl=es\"]}]}<\/script>\n<!-- \/ Yoast SEO plugin. -->","yoast_head_json":{"title":"Historia - Torrevequia","description":"La historia de TORREVEQUIA se remonta al siglo XIX, la propiedad familiar de un peque\u00f1o Olivar en la campi\u00f1a del Alto Guadalquivir cordob\u00e9s.","robots":{"index":"index","follow":"follow","max-snippet":"max-snippet:-1","max-image-preview":"max-image-preview:large","max-video-preview":"max-video-preview:-1"},"canonical":"https:\/\/torrevequia.com\/en\/historia\/","og_locale":"en_GB","og_type":"article","og_title":"Historia - Torrevequia","og_description":"La historia de TORREVEQUIA se remonta al siglo XIX, la propiedad familiar de un peque\u00f1o Olivar en la campi\u00f1a del Alto Guadalquivir cordob\u00e9s.","og_url":"https:\/\/torrevequia.com\/en\/historia\/","og_site_name":"Torrevequia","article_publisher":"https:\/\/facebook.com\/share\/15myzvFqeN\/?mibextid=wwXlfr","article_modified_time":"2025-04-08T15:38:33+00:00","og_image":[{"width":2560,"height":2560,"url":"https:\/\/torrevequia.com\/wp-content\/uploads\/2025\/03\/TORREVEQUIA-negro-scaled.jpg","type":"image\/jpeg"}],"twitter_card":"summary_large_image","twitter_misc":{"Estimated reading time":"1 minute"},"schema":{"@context":"https:\/\/schema.org","@graph":[{"@type":"WebPage","@id":"https:\/\/torrevequia.com\/historia\/","url":"https:\/\/torrevequia.com\/historia\/","name":"Historia - Torrevequia","isPartOf":{"@id":"https:\/\/torrevequia.com\/#website"},"datePublished":"2025-03-18T11:50:54+00:00","dateModified":"2025-04-08T15:38:33+00:00","description":"La historia de TORREVEQUIA se remonta al siglo XIX, la propiedad familiar de un peque\u00f1o Olivar en la campi\u00f1a del Alto Guadalquivir cordob\u00e9s.","breadcrumb":{"@id":"https:\/\/torrevequia.com\/historia\/#breadcrumb"},"inLanguage":"en-GB","potentialAction":[{"@type":"ReadAction","target":["https:\/\/torrevequia.com\/historia\/"]}]},{"@type":"BreadcrumbList","@id":"https:\/\/torrevequia.com\/historia\/#breadcrumb","itemListElement":[{"@type":"ListItem","position":1,"name":"Portada","item":"https:\/\/torrevequia.com\/"},{"@type":"ListItem","position":2,"name":"Historia"}]},{"@type":"WebSite","@id":"https:\/\/torrevequia.com\/#website","url":"https:\/\/torrevequia.com\/","name":"Torrevequia","description":"Aceite de Oliva Virgen Extra TORREVEQUIA: tradici\u00f3n, calidad y sostenibilidad.","publisher":{"@id":"https:\/\/torrevequia.com\/#organization"},"alternateName":"Aceite de Oliva Virgen Extra TORREVEQUIA: tradici\u00f3n, sostenibilidad y calidad.","potentialAction":[{"@type":"SearchAction","target":{"@type":"EntryPoint","urlTemplate":"https:\/\/torrevequia.com\/?s={search_term_string}"},"query-input":{"@type":"PropertyValueSpecification","valueRequired":true,"valueName":"search_term_string"}}],"inLanguage":"en-GB"},{"@type":"Organization","@id":"https:\/\/torrevequia.com\/#organization","name":"Torrevequia","url":"https:\/\/torrevequia.com\/","logo":{"@type":"ImageObject","inLanguage":"en-GB","@id":"https:\/\/torrevequia.com\/#\/schema\/logo\/image\/","url":"https:\/\/torrevequia.com\/wp-content\/uploads\/2025\/03\/TORREVEQUIA-negro-scaled.jpg","contentUrl":"https:\/\/torrevequia.com\/wp-content\/uploads\/2025\/03\/TORREVEQUIA-negro-scaled.jpg","width":2560,"height":2560,"caption":"Torrevequia"},"image":{"@id":"https:\/\/torrevequia.com\/#\/schema\/logo\/image\/"},"sameAs":["https:\/\/facebook.com\/share\/15myzvFqeN\/?mibextid=wwXlfr","https:\/\/www.instagram.com\/torrevequia\/?hl=es"]}]}},"_links":{"self":[{"href":"https:\/\/torrevequia.com\/en\/wp-json\/wp\/v2\/pages\/38","targetHints":{"allow":["GET"]}}],"collection":[{"href":"https:\/\/torrevequia.com\/en\/wp-json\/wp\/v2\/pages"}],"about":[{"href":"https:\/\/torrevequia.com\/en\/wp-json\/wp\/v2\/types\/page"}],"author":[{"embeddable":true,"href":"https:\/\/torrevequia.com\/en\/wp-json\/wp\/v2\/users\/1"}],"replies":[{"embeddable":true,"href":"https:\/\/torrevequia.com\/en\/wp-json\/wp\/v2\/comments?post=38"}],"version-history":[{"count":0,"href":"https:\/\/torrevequia.com\/en\/wp-json\/wp\/v2\/pages\/38\/revisions"}],"wp:attachment":[{"href":"https:\/\/torrevequia.com\/en\/wp-json\/wp\/v2\/media?parent=38"}],"curies":[{"name":"wp","href":"https:\/\/api.w.org\/{rel}","templated":true}]}}