{"id":47,"date":"2025-03-18T11:58:57","date_gmt":"2025-03-18T11:58:57","guid":{"rendered":"https:\/\/torrevequia.com\/?page_id=47"},"modified":"2025-04-08T15:35:09","modified_gmt":"2025-04-08T15:35:09","slug":"marca-privada","status":"publish","type":"page","link":"https:\/\/torrevequia.com\/en\/marca-privada\/","title":{"rendered":"PRIVATE BRAND"},"content":{"rendered":"\t\t<div data-elementor-type=\"wp-page\" data-elementor-id=\"47\" class=\"elementor elementor-47\" data-elementor-post-type=\"page\">\n\t\t\t\t<div class=\"elementor-element elementor-element-41e8271 e-con-full e-flex e-con e-parent\" data-id=\"41e8271\" data-element_type=\"container\" data-e-type=\"container\">\n\t\t\t\t<div class=\"elementor-element elementor-element-76afb03 elementor-widget elementor-widget-heading\" data-id=\"76afb03\" data-element_type=\"widget\" data-e-type=\"widget\" data-widget_type=\"heading.default\">\n\t\t\t\t<div class=\"elementor-widget-container\">\n\t\t\t\t\t<h2 class=\"elementor-heading-title elementor-size-default\">MARCA PRIVADA<\/h2>\t\t\t\t<\/div>\n\t\t\t\t<\/div>\n\t\t\t\t<div class=\"elementor-element elementor-element-20d1827 elementor-widget elementor-widget-text-editor\" data-id=\"20d1827\" data-element_type=\"widget\" data-e-type=\"widget\" data-widget_type=\"text-editor.default\">\n\t\t\t\t<div class=\"elementor-widget-container\">\n\t\t\t\t\t\t\t\t\t<p>TORREVEQUIA<\/p>\t\t\t\t\t\t\t\t<\/div>\n\t\t\t\t<\/div>\n\t\t\t\t<div class=\"elementor-element elementor-element-bcd54fa elementor-widget elementor-widget-text-editor\" data-id=\"bcd54fa\" data-element_type=\"widget\" data-e-type=\"widget\" data-widget_type=\"text-editor.default\">\n\t\t\t\t<div class=\"elementor-widget-container\">\n\t\t\t\t\t\t\t\t\t<p>Cree su marca de Aceite de Oliva Virgen Extra o cualquier otro de nuestros derivados; podr\u00e1 seleccionar y personalizar las caracter\u00edsticas del envase y\u00a0 packging. Rellene la solicitud de cotizaci\u00f3n y le responderemos en la mayor brevedad posible.<\/p>\t\t\t\t\t\t\t\t<\/div>\n\t\t\t\t<\/div>\n\t\t\t\t<\/div>\n\t\t<div class=\"elementor-element elementor-element-bc28977 e-con-full e-flex e-con e-parent\" data-id=\"bc28977\" data-element_type=\"container\" data-e-type=\"container\" data-settings=\"{&quot;background_background&quot;:&quot;classic&quot;,&quot;background_motion_fx_motion_fx_scrolling&quot;:&quot;yes&quot;,&quot;background_motion_fx_scale_effect&quot;:&quot;yes&quot;,&quot;background_motion_fx_scale_direction&quot;:&quot;out-in&quot;,&quot;background_motion_fx_scale_speed&quot;:{&quot;unit&quot;:&quot;px&quot;,&quot;size&quot;:4,&quot;sizes&quot;:[]},&quot;background_motion_fx_scale_range&quot;:{&quot;unit&quot;:&quot;%&quot;,&quot;size&quot;:&quot;&quot;,&quot;sizes&quot;:{&quot;start&quot;:20,&quot;end&quot;:80}},&quot;background_motion_fx_devices&quot;:[&quot;desktop&quot;,&quot;tablet&quot;,&quot;mobile&quot;]}\">\n\t\t<div class=\"elementor-element elementor-element-5e3b7a0 e-con-full e-flex e-con e-child\" data-id=\"5e3b7a0\" data-element_type=\"container\" data-e-type=\"container\">\n\t\t\t\t<div class=\"elementor-element elementor-element-f05941d elementor-widget elementor-widget-heading\" data-id=\"f05941d\" data-element_type=\"widget\" data-e-type=\"widget\" data-widget_type=\"heading.default\">\n\t\t\t\t<div class=\"elementor-widget-container\">\n\t\t\t\t\t<h2 class=\"elementor-heading-title elementor-size-default\">1. ELIJA EL PRODUCTO<\/h2>\t\t\t\t<\/div>\n\t\t\t\t<\/div>\n\t\t\t\t<div class=\"elementor-element elementor-element-2ddace3 elementor-widget elementor-widget-text-editor\" data-id=\"2ddace3\" data-element_type=\"widget\" data-e-type=\"widget\" data-widget_type=\"text-editor.default\">\n\t\t\t\t<div class=\"elementor-widget-container\">\n\t\t\t\t\t\t\t\t\t<p>Aceite de Oliva Virgen Extra &#8211; Aceite de Oliva Virgen &#8211; Aceite de Oliva &#8211; Aceite de Oliva Lampante &#8211; Aceite de Oliva Refinado &#8211; Aceite de Orujo de Oliva &#8211; Aceite de Oliva Ecol\u00f3gico<\/p>\t\t\t\t\t\t\t\t<\/div>\n\t\t\t\t<\/div>\n\t\t\t\t<div class=\"elementor-element elementor-element-671680d elementor-widget elementor-widget-heading\" data-id=\"671680d\" data-element_type=\"widget\" data-e-type=\"widget\" data-widget_type=\"heading.default\">\n\t\t\t\t<div class=\"elementor-widget-container\">\n\t\t\t\t\t<h2 class=\"elementor-heading-title elementor-size-default\">2. ELIJA LA CAPACIDAD<\/h2>\t\t\t\t<\/div>\n\t\t\t\t<\/div>\n\t\t\t\t<div class=\"elementor-element elementor-element-b3c79e7 elementor-widget elementor-widget-text-editor\" data-id=\"b3c79e7\" data-element_type=\"widget\" data-e-type=\"widget\" data-widget_type=\"text-editor.default\">\n\t\t\t\t<div class=\"elementor-widget-container\">\n\t\t\t\t\t\t\t\t\t<p>50 CL &#8211; 75 CL &#8211; 1 L &#8211; 2 L &#8211; 5 L<\/p>\t\t\t\t\t\t\t\t<\/div>\n\t\t\t\t<\/div>\n\t\t\t\t<div class=\"elementor-element elementor-element-80a5365 elementor-widget elementor-widget-heading\" data-id=\"80a5365\" data-element_type=\"widget\" data-e-type=\"widget\" data-widget_type=\"heading.default\">\n\t\t\t\t<div class=\"elementor-widget-container\">\n\t\t\t\t\t<h2 class=\"elementor-heading-title elementor-size-default\">3. ELIJA EL RECIPIENTE<\/h2>\t\t\t\t<\/div>\n\t\t\t\t<\/div>\n\t\t\t\t<div class=\"elementor-element elementor-element-b78b9a1 elementor-widget elementor-widget-text-editor\" data-id=\"b78b9a1\" data-element_type=\"widget\" data-e-type=\"widget\" data-widget_type=\"text-editor.default\">\n\t\t\t\t<div class=\"elementor-widget-container\">\n\t\t\t\t\t\t\t\t\t<p>PET &#8211; Vidrio &#8211; Lata<\/p>\t\t\t\t\t\t\t\t<\/div>\n\t\t\t\t<\/div>\n\t\t\t\t<\/div>\n\t\t<div class=\"elementor-element elementor-element-a987e8c e-con-full e-flex e-con e-child\" data-id=\"a987e8c\" data-element_type=\"container\" data-e-type=\"container\">\n\t\t\t\t<div class=\"elementor-element elementor-element-fe90e6a elementor-widget elementor-widget-image\" data-id=\"fe90e6a\" data-element_type=\"widget\" data-e-type=\"widget\" data-widget_type=\"image.default\">\n\t\t\t\t<div class=\"elementor-widget-container\">\n\t\t\t\t\t\t\t\t\t\t\t\t\t\t\t<img fetchpriority=\"high\" decoding=\"async\" width=\"696\" height=\"1024\" src=\"https:\/\/torrevequia.com\/wp-content\/uploads\/2025\/04\/cabeceras-03-696x1024.jpg\" class=\"attachment-large size-large wp-image-1435\" alt=\"\" srcset=\"https:\/\/torrevequia.com\/wp-content\/uploads\/2025\/04\/cabeceras-03-696x1024.jpg 696w, https:\/\/torrevequia.com\/wp-content\/uploads\/2025\/04\/cabeceras-03-204x300.jpg 204w, https:\/\/torrevequia.com\/wp-content\/uploads\/2025\/04\/cabeceras-03-768x1130.jpg 768w, https:\/\/torrevequia.com\/wp-content\/uploads\/2025\/04\/cabeceras-03-1044x1536.jpg 1044w, https:\/\/torrevequia.com\/wp-content\/uploads\/2025\/04\/cabeceras-03-1392x2048.jpg 1392w, https:\/\/torrevequia.com\/wp-content\/uploads\/2025\/04\/cabeceras-03-8x12.jpg 8w, https:\/\/torrevequia.com\/wp-content\/uploads\/2025\/04\/cabeceras-03-scaled.jpg 1739w\" sizes=\"(max-width: 696px) 100vw, 696px\" \/>\t\t\t\t\t\t\t\t\t\t\t\t\t\t\t<\/div>\n\t\t\t\t<\/div>\n\t\t\t\t<\/div>\n\t\t<div class=\"elementor-element elementor-element-cd64288 e-con-full e-flex e-con e-child\" data-id=\"cd64288\" data-element_type=\"container\" data-e-type=\"container\">\n\t\t\t\t<div class=\"elementor-element elementor-element-d12647c elementor-widget elementor-widget-heading\" data-id=\"d12647c\" data-element_type=\"widget\" data-e-type=\"widget\" data-widget_type=\"heading.default\">\n\t\t\t\t<div class=\"elementor-widget-container\">\n\t\t\t\t\t<h2 class=\"elementor-heading-title elementor-size-default\">4. ELIJA LA TAPA<\/h2>\t\t\t\t<\/div>\n\t\t\t\t<\/div>\n\t\t\t\t<div class=\"elementor-element elementor-element-55e6849 elementor-widget elementor-widget-text-editor\" data-id=\"55e6849\" data-element_type=\"widget\" data-e-type=\"widget\" data-widget_type=\"text-editor.default\">\n\t\t\t\t<div class=\"elementor-widget-container\">\n\t\t\t\t\t\t\t\t\t<p>PVC &#8211; Met\u00e1lica &#8211; Corcho &#8211; Vertedor<\/p>\t\t\t\t\t\t\t\t<\/div>\n\t\t\t\t<\/div>\n\t\t\t\t<div class=\"elementor-element elementor-element-0893e51 elementor-widget elementor-widget-heading\" data-id=\"0893e51\" data-element_type=\"widget\" data-e-type=\"widget\" data-widget_type=\"heading.default\">\n\t\t\t\t<div class=\"elementor-widget-container\">\n\t\t\t\t\t<h2 class=\"elementor-heading-title elementor-size-default\">5. DISE\u00d1E LA ETIQUETA<\/h2>\t\t\t\t<\/div>\n\t\t\t\t<\/div>\n\t\t\t\t<div class=\"elementor-element elementor-element-029afeb elementor-widget elementor-widget-text-editor\" data-id=\"029afeb\" data-element_type=\"widget\" data-e-type=\"widget\" data-widget_type=\"text-editor.default\">\n\t\t\t\t<div class=\"elementor-widget-container\">\n\t\t\t\t\t\t\t\t\t<p>Entregue su dise\u00f1o &#8211; Solicite uno a nuestro equipo de dise\u00f1o con las caracter\u00edsticas que desee.<\/p>\t\t\t\t\t\t\t\t<\/div>\n\t\t\t\t<\/div>\n\t\t\t\t<div class=\"elementor-element elementor-element-03233c1 elementor-widget elementor-widget-heading\" data-id=\"03233c1\" data-element_type=\"widget\" data-e-type=\"widget\" data-widget_type=\"heading.default\">\n\t\t\t\t<div class=\"elementor-widget-container\">\n\t\t\t\t\t<h2 class=\"elementor-heading-title elementor-size-default\">6. ELIJA EL PACKGING<\/h2>\t\t\t\t<\/div>\n\t\t\t\t<\/div>\n\t\t\t\t<div class=\"elementor-element elementor-element-52cc6aa elementor-widget elementor-widget-text-editor\" data-id=\"52cc6aa\" data-element_type=\"widget\" data-e-type=\"widget\" data-widget_type=\"text-editor.default\">\n\t\t\t\t<div class=\"elementor-widget-container\">\n\t\t\t\t\t\t\t\t\t<p>Entregue su dise\u00f1o &#8211; Solicite uno a nuestro equipo de dise\u00f1o con las caracter\u00edsticas que desee.<\/p>\t\t\t\t\t\t\t\t<\/div>\n\t\t\t\t<\/div>\n\t\t\t\t<\/div>\n\t\t\t\t<\/div>\n\t\t<div class=\"elementor-element elementor-element-36849080 e-con-full e-flex e-con e-parent\" data-id=\"36849080\" data-element_type=\"container\" data-e-type=\"container\" data-settings=\"{&quot;background_background&quot;:&quot;classic&quot;}\">\n\t\t\t\t<div class=\"elementor-element elementor-element-ad940a1 elementor-widget elementor-widget-heading\" data-id=\"ad940a1\" data-element_type=\"widget\" data-e-type=\"widget\" data-widget_type=\"heading.default\">\n\t\t\t\t<div class=\"elementor-widget-container\">\n\t\t\t\t\t<h2 class=\"elementor-heading-title elementor-size-default\">SOLICITUD MARCA PRIVADA<\/h2>\t\t\t\t<\/div>\n\t\t\t\t<\/div>\n\t\t\t\t<div class=\"elementor-element elementor-element-a661c9f elementor-tablet-button-align-stretch elementor-button-align-stretch elementor-widget elementor-widget-form\" data-id=\"a661c9f\" data-element_type=\"widget\" data-e-type=\"widget\" data-settings=\"{&quot;button_width&quot;:&quot;25&quot;,&quot;button_width_tablet&quot;:&quot;100&quot;,&quot;step_next_label&quot;:&quot;Next&quot;,&quot;step_previous_label&quot;:&quot;Previous&quot;,&quot;step_type&quot;:&quot;number_text&quot;,&quot;step_icon_shape&quot;:&quot;circle&quot;}\" data-widget_type=\"form.default\">\n\t\t\t\t<div class=\"elementor-widget-container\">\n\t\t\t\t\t\t\t<form class=\"elementor-form\" method=\"post\" name=\"Contact Us\" aria-label=\"Contact Us\">\n\t\t\t<input type=\"hidden\" name=\"post_id\" value=\"47\"\/>\n\t\t\t<input type=\"hidden\" name=\"form_id\" value=\"a661c9f\"\/>\n\t\t\t<input type=\"hidden\" name=\"referer_title\" value=\"Torrevequia\" \/>\n\n\t\t\t\n\t\t\t<div class=\"elementor-form-fields-wrapper elementor-labels-\">\n\t\t\t\t\t\t\t\t<div class=\"elementor-field-type-text elementor-field-group elementor-column elementor-field-group-name elementor-col-50 elementor-md-50\">\n\t\t\t\t\t\t\t\t\t\t\t\t<label for=\"form-field-name\" class=\"elementor-field-label elementor-screen-only\">\n\t\t\t\t\t\t\t\tNombre:\t\t\t\t\t\t\t<\/label>\n\t\t\t\t\t\t\t\t\t\t\t\t\t\t<input size=\"1\" type=\"text\" name=\"form_fields[name]\" id=\"form-field-name\" class=\"elementor-field elementor-size-sm  elementor-field-textual\" placeholder=\"Nombre:\">\n\t\t\t\t\t\t\t\t\t\t\t<\/div>\n\t\t\t\t\t\t\t\t<div class=\"elementor-field-type-text elementor-field-group elementor-column elementor-field-group-field_c0493bd elementor-col-50 elementor-md-50\">\n\t\t\t\t\t\t\t\t\t\t\t\t<label for=\"form-field-field_c0493bd\" class=\"elementor-field-label elementor-screen-only\">\n\t\t\t\t\t\t\t\tEmpresa:\t\t\t\t\t\t\t<\/label>\n\t\t\t\t\t\t\t\t\t\t\t\t\t\t<input size=\"1\" type=\"text\" name=\"form_fields[field_c0493bd]\" id=\"form-field-field_c0493bd\" class=\"elementor-field elementor-size-sm  elementor-field-textual\" placeholder=\"Empresa:\">\n\t\t\t\t\t\t\t\t\t\t\t<\/div>\n\t\t\t\t\t\t\t\t<div class=\"elementor-field-type-tel elementor-field-group elementor-column elementor-field-group-field_719ed13 elementor-col-33 elementor-md-50 elementor-field-required\">\n\t\t\t\t\t\t\t\t\t\t\t\t<label for=\"form-field-field_719ed13\" class=\"elementor-field-label elementor-screen-only\">\n\t\t\t\t\t\t\t\tTel\u00e9fono:\t\t\t\t\t\t\t<\/label>\n\t\t\t\t\t\t\t\t<input size=\"1\" type=\"tel\" name=\"form_fields[field_719ed13]\" id=\"form-field-field_719ed13\" class=\"elementor-field elementor-size-sm  elementor-field-textual\" placeholder=\"Tel\u00e9fono:\" required=\"required\" pattern=\"[0-9()#&amp;+*-=.]+\" title=\"Solo se aceptan n\u00fameros y caracteres de tel\u00e9fono (#,-,*,etc).\">\n\n\t\t\t\t\t\t<\/div>\n\t\t\t\t\t\t\t\t<div class=\"elementor-field-type-email elementor-field-group elementor-column elementor-field-group-email elementor-col-33 elementor-md-50 elementor-field-required\">\n\t\t\t\t\t\t\t\t\t\t\t\t<label for=\"form-field-email\" class=\"elementor-field-label elementor-screen-only\">\n\t\t\t\t\t\t\t\tEmail:\t\t\t\t\t\t\t<\/label>\n\t\t\t\t\t\t\t\t\t\t\t\t\t\t<input size=\"1\" type=\"email\" name=\"form_fields[email]\" id=\"form-field-email\" class=\"elementor-field elementor-size-sm  elementor-field-textual\" placeholder=\"Email:\" required=\"required\">\n\t\t\t\t\t\t\t\t\t\t\t<\/div>\n\t\t\t\t\t\t\t\t<div class=\"elementor-field-type-textarea elementor-field-group elementor-column elementor-field-group-message elementor-col-33 elementor-md-100\">\n\t\t\t\t\t\t\t\t\t\t\t\t<label for=\"form-field-message\" class=\"elementor-field-label elementor-screen-only\">\n\t\t\t\t\t\t\t\tFinalidad:\t\t\t\t\t\t\t<\/label>\n\t\t\t\t\t\t<textarea class=\"elementor-field-textual elementor-field  elementor-size-sm\" name=\"form_fields[message]\" id=\"form-field-message\" rows=\"1\" placeholder=\"Finalidad:\"><\/textarea>\t\t\t\t<\/div>\n\t\t\t\t\t\t\t\t<div class=\"elementor-field-type-textarea elementor-field-group elementor-column elementor-field-group-field_0581c67 elementor-col-100 elementor-md-100\">\n\t\t\t\t\t\t\t\t\t\t\t\t<label for=\"form-field-field_0581c67\" class=\"elementor-field-label elementor-screen-only\">\n\t\t\t\t\t\t\t\tMensaje:\t\t\t\t\t\t\t<\/label>\n\t\t\t\t\t\t<textarea class=\"elementor-field-textual elementor-field  elementor-size-sm\" name=\"form_fields[field_0581c67]\" id=\"form-field-field_0581c67\" rows=\"1\" placeholder=\"Mensaje:\"><\/textarea>\t\t\t\t<\/div>\n\t\t\t\t\t\t\t\t<div class=\"elementor-field-group elementor-column elementor-field-type-submit elementor-col-25 e-form__buttons elementor-md-100\">\n\t\t\t\t\t<button class=\"elementor-button elementor-size-sm elementor-animation-shrink\" type=\"submit\">\n\t\t\t\t\t\t<span class=\"elementor-button-content-wrapper\">\n\t\t\t\t\t\t\t\t\t\t\t\t\t\t\t\t\t\t\t\t\t\t<span class=\"elementor-button-text\">Send<\/span>\n\t\t\t\t\t\t\t\t\t\t\t\t\t<\/span>\n\t\t\t\t\t<\/button>\n\t\t\t\t<\/div>\n\t\t\t<\/div>\n\t\t<\/form>\n\t\t\t\t\t\t<\/div>\n\t\t\t\t<\/div>\n\t\t\t\t<\/div>\n\t\t\t\t<\/div>\n\t\t","protected":false},"excerpt":{"rendered":"<p>MARCA PRIVADA TORREVEQUIA Cree su marca de Aceite de Oliva Virgen Extra o cualquier otro de nuestros derivados; podr\u00e1 seleccionar y personalizar las caracter\u00edsticas del envase y\u00a0 packging. Rellene la solicitud de cotizaci\u00f3n y le responderemos en la mayor brevedad posible. 1. ELIJA EL PRODUCTO Aceite de Oliva Virgen Extra &#8211; Aceite de Oliva Virgen [&hellip;]<\/p>\n","protected":false},"author":1,"featured_media":0,"parent":0,"menu_order":0,"comment_status":"closed","ping_status":"closed","template":"elementor_header_footer","meta":{"footnotes":""},"class_list":["post-47","page","type-page","status-publish","hentry"],"yoast_head":"<!-- This site is optimized with the Yoast SEO plugin v27.3 - https:\/\/yoast.com\/product\/yoast-seo-wordpress\/ -->\n<title>MARCA PRIVADA - Torrevequia<\/title>\n<meta name=\"description\" content=\"Cree su marca privada de Aceite de Oliva Virgen Extra o cualquier otro de nuestros derivados. Rellene la solicitud de cotizaci\u00f3n.\" \/>\n<meta name=\"robots\" content=\"index, follow, max-snippet:-1, max-image-preview:large, max-video-preview:-1\" \/>\n<link rel=\"canonical\" href=\"https:\/\/torrevequia.com\/en\/marca-privada\/\" \/>\n<meta property=\"og:locale\" content=\"en_GB\" \/>\n<meta property=\"og:type\" content=\"article\" \/>\n<meta property=\"og:title\" content=\"MARCA PRIVADA - Torrevequia\" \/>\n<meta property=\"og:description\" content=\"Cree su marca privada de Aceite de Oliva Virgen Extra o cualquier otro de nuestros derivados. Rellene la solicitud de cotizaci\u00f3n.\" \/>\n<meta property=\"og:url\" content=\"https:\/\/torrevequia.com\/en\/marca-privada\/\" \/>\n<meta property=\"og:site_name\" content=\"Torrevequia\" \/>\n<meta property=\"article:publisher\" content=\"https:\/\/facebook.com\/share\/15myzvFqeN\/?mibextid=wwXlfr\" \/>\n<meta property=\"article:modified_time\" content=\"2025-04-08T15:35:09+00:00\" \/>\n<meta property=\"og:image\" content=\"https:\/\/torrevequia.com\/wp-content\/uploads\/2025\/04\/cabeceras-03-scaled.jpg\" \/>\n\t<meta property=\"og:image:width\" content=\"1739\" \/>\n\t<meta property=\"og:image:height\" content=\"2560\" \/>\n\t<meta property=\"og:image:type\" content=\"image\/jpeg\" \/>\n<meta name=\"twitter:card\" content=\"summary_large_image\" \/>\n<meta name=\"twitter:label1\" content=\"Estimated reading time\" \/>\n\t<meta name=\"twitter:data1\" content=\"1 minute\" \/>\n<script type=\"application\/ld+json\" class=\"yoast-schema-graph\">{\"@context\":\"https:\\\/\\\/schema.org\",\"@graph\":[{\"@type\":\"WebPage\",\"@id\":\"https:\\\/\\\/torrevequia.com\\\/marca-privada\\\/\",\"url\":\"https:\\\/\\\/torrevequia.com\\\/marca-privada\\\/\",\"name\":\"MARCA PRIVADA - Torrevequia\",\"isPartOf\":{\"@id\":\"https:\\\/\\\/torrevequia.com\\\/#website\"},\"primaryImageOfPage\":{\"@id\":\"https:\\\/\\\/torrevequia.com\\\/marca-privada\\\/#primaryimage\"},\"image\":{\"@id\":\"https:\\\/\\\/torrevequia.com\\\/marca-privada\\\/#primaryimage\"},\"thumbnailUrl\":\"https:\\\/\\\/torrevequia.com\\\/wp-content\\\/uploads\\\/2025\\\/04\\\/cabeceras-03-696x1024.jpg\",\"datePublished\":\"2025-03-18T11:58:57+00:00\",\"dateModified\":\"2025-04-08T15:35:09+00:00\",\"description\":\"Cree su marca privada de Aceite de Oliva Virgen Extra o cualquier otro de nuestros derivados. Rellene la solicitud de cotizaci\u00f3n.\",\"breadcrumb\":{\"@id\":\"https:\\\/\\\/torrevequia.com\\\/marca-privada\\\/#breadcrumb\"},\"inLanguage\":\"en-GB\",\"potentialAction\":[{\"@type\":\"ReadAction\",\"target\":[\"https:\\\/\\\/torrevequia.com\\\/marca-privada\\\/\"]}]},{\"@type\":\"ImageObject\",\"inLanguage\":\"en-GB\",\"@id\":\"https:\\\/\\\/torrevequia.com\\\/marca-privada\\\/#primaryimage\",\"url\":\"https:\\\/\\\/torrevequia.com\\\/wp-content\\\/uploads\\\/2025\\\/04\\\/cabeceras-03-696x1024.jpg\",\"contentUrl\":\"https:\\\/\\\/torrevequia.com\\\/wp-content\\\/uploads\\\/2025\\\/04\\\/cabeceras-03-696x1024.jpg\"},{\"@type\":\"BreadcrumbList\",\"@id\":\"https:\\\/\\\/torrevequia.com\\\/marca-privada\\\/#breadcrumb\",\"itemListElement\":[{\"@type\":\"ListItem\",\"position\":1,\"name\":\"Portada\",\"item\":\"https:\\\/\\\/torrevequia.com\\\/\"},{\"@type\":\"ListItem\",\"position\":2,\"name\":\"MARCA PRIVADA\"}]},{\"@type\":\"WebSite\",\"@id\":\"https:\\\/\\\/torrevequia.com\\\/#website\",\"url\":\"https:\\\/\\\/torrevequia.com\\\/\",\"name\":\"Torrevequia\",\"description\":\"Aceite de Oliva Virgen Extra TORREVEQUIA: tradici\u00f3n, calidad y sostenibilidad.\",\"publisher\":{\"@id\":\"https:\\\/\\\/torrevequia.com\\\/#organization\"},\"alternateName\":\"Aceite de Oliva Virgen Extra TORREVEQUIA: tradici\u00f3n, sostenibilidad y calidad.\",\"potentialAction\":[{\"@type\":\"SearchAction\",\"target\":{\"@type\":\"EntryPoint\",\"urlTemplate\":\"https:\\\/\\\/torrevequia.com\\\/?s={search_term_string}\"},\"query-input\":{\"@type\":\"PropertyValueSpecification\",\"valueRequired\":true,\"valueName\":\"search_term_string\"}}],\"inLanguage\":\"en-GB\"},{\"@type\":\"Organization\",\"@id\":\"https:\\\/\\\/torrevequia.com\\\/#organization\",\"name\":\"Torrevequia\",\"url\":\"https:\\\/\\\/torrevequia.com\\\/\",\"logo\":{\"@type\":\"ImageObject\",\"inLanguage\":\"en-GB\",\"@id\":\"https:\\\/\\\/torrevequia.com\\\/#\\\/schema\\\/logo\\\/image\\\/\",\"url\":\"https:\\\/\\\/torrevequia.com\\\/wp-content\\\/uploads\\\/2025\\\/03\\\/TORREVEQUIA-negro-scaled.jpg\",\"contentUrl\":\"https:\\\/\\\/torrevequia.com\\\/wp-content\\\/uploads\\\/2025\\\/03\\\/TORREVEQUIA-negro-scaled.jpg\",\"width\":2560,\"height\":2560,\"caption\":\"Torrevequia\"},\"image\":{\"@id\":\"https:\\\/\\\/torrevequia.com\\\/#\\\/schema\\\/logo\\\/image\\\/\"},\"sameAs\":[\"https:\\\/\\\/facebook.com\\\/share\\\/15myzvFqeN\\\/?mibextid=wwXlfr\",\"https:\\\/\\\/www.instagram.com\\\/torrevequia\\\/?hl=es\"]}]}<\/script>\n<!-- \/ Yoast SEO plugin. -->","yoast_head_json":{"title":"MARCA PRIVADA - Torrevequia","description":"Cree su marca privada de Aceite de Oliva Virgen Extra o cualquier otro de nuestros derivados. Rellene la solicitud de cotizaci\u00f3n.","robots":{"index":"index","follow":"follow","max-snippet":"max-snippet:-1","max-image-preview":"max-image-preview:large","max-video-preview":"max-video-preview:-1"},"canonical":"https:\/\/torrevequia.com\/en\/marca-privada\/","og_locale":"en_GB","og_type":"article","og_title":"MARCA PRIVADA - Torrevequia","og_description":"Cree su marca privada de Aceite de Oliva Virgen Extra o cualquier otro de nuestros derivados. Rellene la solicitud de cotizaci\u00f3n.","og_url":"https:\/\/torrevequia.com\/en\/marca-privada\/","og_site_name":"Torrevequia","article_publisher":"https:\/\/facebook.com\/share\/15myzvFqeN\/?mibextid=wwXlfr","article_modified_time":"2025-04-08T15:35:09+00:00","og_image":[{"width":1739,"height":2560,"url":"https:\/\/torrevequia.com\/wp-content\/uploads\/2025\/04\/cabeceras-03-scaled.jpg","type":"image\/jpeg"}],"twitter_card":"summary_large_image","twitter_misc":{"Estimated reading time":"1 minute"},"schema":{"@context":"https:\/\/schema.org","@graph":[{"@type":"WebPage","@id":"https:\/\/torrevequia.com\/marca-privada\/","url":"https:\/\/torrevequia.com\/marca-privada\/","name":"MARCA PRIVADA - Torrevequia","isPartOf":{"@id":"https:\/\/torrevequia.com\/#website"},"primaryImageOfPage":{"@id":"https:\/\/torrevequia.com\/marca-privada\/#primaryimage"},"image":{"@id":"https:\/\/torrevequia.com\/marca-privada\/#primaryimage"},"thumbnailUrl":"https:\/\/torrevequia.com\/wp-content\/uploads\/2025\/04\/cabeceras-03-696x1024.jpg","datePublished":"2025-03-18T11:58:57+00:00","dateModified":"2025-04-08T15:35:09+00:00","description":"Cree su marca privada de Aceite de Oliva Virgen Extra o cualquier otro de nuestros derivados. Rellene la solicitud de cotizaci\u00f3n.","breadcrumb":{"@id":"https:\/\/torrevequia.com\/marca-privada\/#breadcrumb"},"inLanguage":"en-GB","potentialAction":[{"@type":"ReadAction","target":["https:\/\/torrevequia.com\/marca-privada\/"]}]},{"@type":"ImageObject","inLanguage":"en-GB","@id":"https:\/\/torrevequia.com\/marca-privada\/#primaryimage","url":"https:\/\/torrevequia.com\/wp-content\/uploads\/2025\/04\/cabeceras-03-696x1024.jpg","contentUrl":"https:\/\/torrevequia.com\/wp-content\/uploads\/2025\/04\/cabeceras-03-696x1024.jpg"},{"@type":"BreadcrumbList","@id":"https:\/\/torrevequia.com\/marca-privada\/#breadcrumb","itemListElement":[{"@type":"ListItem","position":1,"name":"Portada","item":"https:\/\/torrevequia.com\/"},{"@type":"ListItem","position":2,"name":"MARCA PRIVADA"}]},{"@type":"WebSite","@id":"https:\/\/torrevequia.com\/#website","url":"https:\/\/torrevequia.com\/","name":"Torrevequia","description":"Aceite de Oliva Virgen Extra TORREVEQUIA: tradici\u00f3n, calidad y sostenibilidad.","publisher":{"@id":"https:\/\/torrevequia.com\/#organization"},"alternateName":"Aceite de Oliva Virgen Extra TORREVEQUIA: tradici\u00f3n, sostenibilidad y calidad.","potentialAction":[{"@type":"SearchAction","target":{"@type":"EntryPoint","urlTemplate":"https:\/\/torrevequia.com\/?s={search_term_string}"},"query-input":{"@type":"PropertyValueSpecification","valueRequired":true,"valueName":"search_term_string"}}],"inLanguage":"en-GB"},{"@type":"Organization","@id":"https:\/\/torrevequia.com\/#organization","name":"Torrevequia","url":"https:\/\/torrevequia.com\/","logo":{"@type":"ImageObject","inLanguage":"en-GB","@id":"https:\/\/torrevequia.com\/#\/schema\/logo\/image\/","url":"https:\/\/torrevequia.com\/wp-content\/uploads\/2025\/03\/TORREVEQUIA-negro-scaled.jpg","contentUrl":"https:\/\/torrevequia.com\/wp-content\/uploads\/2025\/03\/TORREVEQUIA-negro-scaled.jpg","width":2560,"height":2560,"caption":"Torrevequia"},"image":{"@id":"https:\/\/torrevequia.com\/#\/schema\/logo\/image\/"},"sameAs":["https:\/\/facebook.com\/share\/15myzvFqeN\/?mibextid=wwXlfr","https:\/\/www.instagram.com\/torrevequia\/?hl=es"]}]}},"_links":{"self":[{"href":"https:\/\/torrevequia.com\/en\/wp-json\/wp\/v2\/pages\/47","targetHints":{"allow":["GET"]}}],"collection":[{"href":"https:\/\/torrevequia.com\/en\/wp-json\/wp\/v2\/pages"}],"about":[{"href":"https:\/\/torrevequia.com\/en\/wp-json\/wp\/v2\/types\/page"}],"author":[{"embeddable":true,"href":"https:\/\/torrevequia.com\/en\/wp-json\/wp\/v2\/users\/1"}],"replies":[{"embeddable":true,"href":"https:\/\/torrevequia.com\/en\/wp-json\/wp\/v2\/comments?post=47"}],"version-history":[{"count":0,"href":"https:\/\/torrevequia.com\/en\/wp-json\/wp\/v2\/pages\/47\/revisions"}],"wp:attachment":[{"href":"https:\/\/torrevequia.com\/en\/wp-json\/wp\/v2\/media?parent=47"}],"curies":[{"name":"wp","href":"https:\/\/api.w.org\/{rel}","templated":true}]}}