{"id":53,"date":"2025-03-18T12:02:16","date_gmt":"2025-03-18T12:02:16","guid":{"rendered":"https:\/\/torrevequia.com\/?page_id=53"},"modified":"2025-04-08T13:27:27","modified_gmt":"2025-04-08T13:27:27","slug":"ifs-pf","status":"publish","type":"page","link":"https:\/\/torrevequia.com\/en\/ifs-pf\/","title":{"rendered":"IFS PF"},"content":{"rendered":"<div data-elementor-type=\"wp-page\" data-elementor-id=\"53\" class=\"elementor elementor-53\" data-elementor-post-type=\"page\">\n\t\t\t\t<div class=\"elementor-element elementor-element-283560fe e-con-full e-flex e-con e-parent\" data-id=\"283560fe\" data-element_type=\"container\" data-e-type=\"container\" data-settings=\"{&quot;background_background&quot;:&quot;gradient&quot;}\">\n\t\t<div class=\"elementor-element elementor-element-4b32b172 e-con-full e-flex e-con e-child\" data-id=\"4b32b172\" data-element_type=\"container\" data-e-type=\"container\">\n\t\t\t\t<div class=\"elementor-element elementor-element-9bca4a4 elementor-widget elementor-widget-heading\" data-id=\"9bca4a4\" data-element_type=\"widget\" data-e-type=\"widget\" data-widget_type=\"heading.default\">\n\t\t\t\t<div class=\"elementor-widget-container\">\n\t\t\t\t\t<p class=\"elementor-heading-title elementor-size-default\">CERTIFICATES<\/p>\t\t\t\t<\/div>\n\t\t\t\t<\/div>\n\t\t\t\t<div class=\"elementor-element elementor-element-ad43f3d elementor-widget elementor-widget-heading\" data-id=\"ad43f3d\" data-element_type=\"widget\" data-e-type=\"widget\" data-widget_type=\"heading.default\">\n\t\t\t\t<div class=\"elementor-widget-container\">\n\t\t\t\t\t<h2 class=\"elementor-heading-title elementor-size-default\">IFS - PF Certification<\/h2>\t\t\t\t<\/div>\n\t\t\t\t<\/div>\n\t\t\t\t<div class=\"elementor-element elementor-element-87dd54f elementor-widget elementor-widget-image\" data-id=\"87dd54f\" data-element_type=\"widget\" data-e-type=\"widget\" data-widget_type=\"image.default\">\n\t\t\t\t<div class=\"elementor-widget-container\">\n\t\t\t\t\t\t\t\t\t\t\t\t\t\t\t<img fetchpriority=\"high\" decoding=\"async\" width=\"724\" height=\"1024\" src=\"https:\/\/torrevequia.com\/wp-content\/uploads\/2025\/03\/Sin-titulo-2_Mesa-de-trabajo-1-724x1024.jpg\" class=\"attachment-large size-large wp-image-916\" alt=\"\" srcset=\"https:\/\/torrevequia.com\/wp-content\/uploads\/2025\/03\/Sin-titulo-2_Mesa-de-trabajo-1-724x1024.jpg 724w, https:\/\/torrevequia.com\/wp-content\/uploads\/2025\/03\/Sin-titulo-2_Mesa-de-trabajo-1-212x300.jpg 212w, https:\/\/torrevequia.com\/wp-content\/uploads\/2025\/03\/Sin-titulo-2_Mesa-de-trabajo-1-768x1086.jpg 768w, https:\/\/torrevequia.com\/wp-content\/uploads\/2025\/03\/Sin-titulo-2_Mesa-de-trabajo-1-1086x1536.jpg 1086w, https:\/\/torrevequia.com\/wp-content\/uploads\/2025\/03\/Sin-titulo-2_Mesa-de-trabajo-1-1448x2048.jpg 1448w, https:\/\/torrevequia.com\/wp-content\/uploads\/2025\/03\/Sin-titulo-2_Mesa-de-trabajo-1-8x12.jpg 8w, https:\/\/torrevequia.com\/wp-content\/uploads\/2025\/03\/Sin-titulo-2_Mesa-de-trabajo-1-scaled.jpg 1810w\" sizes=\"(max-width: 724px) 100vw, 724px\" \/>\t\t\t\t\t\t\t\t\t\t\t\t\t\t\t<\/div>\n\t\t\t\t<\/div>\n\t\t\t\t<div class=\"elementor-element elementor-element-3e5092e3 elementor-widget elementor-widget-text-editor\" data-id=\"3e5092e3\" data-element_type=\"widget\" data-e-type=\"widget\" data-widget_type=\"text-editor.default\">\n\t\t\t\t<div class=\"elementor-widget-container\">\n\t\t\t\t\t\t\t\t\t<p>IFS certification is awarded to companies that implement the requirements set out in the IFS standard and pass the certification audits required to obtain this legitimacy.<\/p>\t\t\t\t\t\t\t\t<\/div>\n\t\t\t\t<\/div>\n\t\t\t\t<\/div>\n\t\t\t\t<\/div>\n\t\t\t\t<\/div>","protected":false},"excerpt":{"rendered":"<p>CERTIFICADOS Certificaci\u00f3n IFS &#8211; PF La certificaci\u00f3n IFS se otorga a las\u00a0empresas que implementan los requisitos establecidos en la norma IFS y superan las auditor\u00edas de certificaci\u00f3n necesarias para obtener esta legitimaci\u00f3n.<\/p>","protected":false},"author":1,"featured_media":0,"parent":0,"menu_order":0,"comment_status":"closed","ping_status":"closed","template":"elementor_header_footer","meta":{"footnotes":""},"class_list":["post-53","page","type-page","status-publish","hentry"],"yoast_head":"<!-- This site is optimized with the Yoast SEO plugin v27.3 - https:\/\/yoast.com\/product\/yoast-seo-wordpress\/ -->\n<title>IFS PF - Torrevequia<\/title>\n<meta name=\"description\" content=\"La certificaci\u00f3n IFS PF otorga a Torrevequia la certificaci\u00f3n de auditor\u00edas de elevado nivel dentro de la industria agroalimentaria.\" \/>\n<meta name=\"robots\" content=\"index, follow, max-snippet:-1, max-image-preview:large, max-video-preview:-1\" \/>\n<link rel=\"canonical\" href=\"https:\/\/torrevequia.com\/en\/ifs-pf\/\" \/>\n<meta property=\"og:locale\" content=\"en_GB\" \/>\n<meta property=\"og:type\" content=\"article\" \/>\n<meta property=\"og:title\" content=\"IFS PF - Torrevequia\" \/>\n<meta property=\"og:description\" content=\"La certificaci\u00f3n IFS PF otorga a Torrevequia la certificaci\u00f3n de auditor\u00edas de elevado nivel dentro de la industria agroalimentaria.\" \/>\n<meta property=\"og:url\" content=\"https:\/\/torrevequia.com\/en\/ifs-pf\/\" \/>\n<meta property=\"og:site_name\" content=\"Torrevequia\" \/>\n<meta property=\"article:publisher\" content=\"https:\/\/facebook.com\/share\/15myzvFqeN\/?mibextid=wwXlfr\" \/>\n<meta property=\"article:modified_time\" content=\"2025-04-08T13:27:27+00:00\" \/>\n<meta property=\"og:image\" content=\"https:\/\/torrevequia.com\/wp-content\/uploads\/2025\/03\/Sin-titulo-2_Mesa-de-trabajo-1-scaled.jpg\" \/>\n\t<meta property=\"og:image:width\" content=\"1810\" \/>\n\t<meta property=\"og:image:height\" content=\"2560\" \/>\n\t<meta property=\"og:image:type\" content=\"image\/jpeg\" \/>\n<meta name=\"twitter:card\" content=\"summary_large_image\" \/>\n<meta name=\"twitter:label1\" content=\"Estimated reading time\" \/>\n\t<meta name=\"twitter:data1\" content=\"1 minute\" \/>\n<script type=\"application\/ld+json\" class=\"yoast-schema-graph\">{\"@context\":\"https:\\\/\\\/schema.org\",\"@graph\":[{\"@type\":\"WebPage\",\"@id\":\"https:\\\/\\\/torrevequia.com\\\/ifs-pf\\\/\",\"url\":\"https:\\\/\\\/torrevequia.com\\\/ifs-pf\\\/\",\"name\":\"IFS PF - Torrevequia\",\"isPartOf\":{\"@id\":\"https:\\\/\\\/torrevequia.com\\\/#website\"},\"primaryImageOfPage\":{\"@id\":\"https:\\\/\\\/torrevequia.com\\\/ifs-pf\\\/#primaryimage\"},\"image\":{\"@id\":\"https:\\\/\\\/torrevequia.com\\\/ifs-pf\\\/#primaryimage\"},\"thumbnailUrl\":\"https:\\\/\\\/torrevequia.com\\\/wp-content\\\/uploads\\\/2025\\\/03\\\/Sin-titulo-2_Mesa-de-trabajo-1-724x1024.jpg\",\"datePublished\":\"2025-03-18T12:02:16+00:00\",\"dateModified\":\"2025-04-08T13:27:27+00:00\",\"description\":\"La certificaci\u00f3n IFS PF otorga a Torrevequia la certificaci\u00f3n de auditor\u00edas de elevado nivel dentro de la industria agroalimentaria.\",\"breadcrumb\":{\"@id\":\"https:\\\/\\\/torrevequia.com\\\/ifs-pf\\\/#breadcrumb\"},\"inLanguage\":\"en-GB\",\"potentialAction\":[{\"@type\":\"ReadAction\",\"target\":[\"https:\\\/\\\/torrevequia.com\\\/ifs-pf\\\/\"]}]},{\"@type\":\"ImageObject\",\"inLanguage\":\"en-GB\",\"@id\":\"https:\\\/\\\/torrevequia.com\\\/ifs-pf\\\/#primaryimage\",\"url\":\"https:\\\/\\\/torrevequia.com\\\/wp-content\\\/uploads\\\/2025\\\/03\\\/Sin-titulo-2_Mesa-de-trabajo-1-724x1024.jpg\",\"contentUrl\":\"https:\\\/\\\/torrevequia.com\\\/wp-content\\\/uploads\\\/2025\\\/03\\\/Sin-titulo-2_Mesa-de-trabajo-1-724x1024.jpg\"},{\"@type\":\"BreadcrumbList\",\"@id\":\"https:\\\/\\\/torrevequia.com\\\/ifs-pf\\\/#breadcrumb\",\"itemListElement\":[{\"@type\":\"ListItem\",\"position\":1,\"name\":\"Portada\",\"item\":\"https:\\\/\\\/torrevequia.com\\\/\"},{\"@type\":\"ListItem\",\"position\":2,\"name\":\"IFS PF\"}]},{\"@type\":\"WebSite\",\"@id\":\"https:\\\/\\\/torrevequia.com\\\/#website\",\"url\":\"https:\\\/\\\/torrevequia.com\\\/\",\"name\":\"Torrevequia\",\"description\":\"Aceite de Oliva Virgen Extra TORREVEQUIA: tradici\u00f3n, calidad y sostenibilidad.\",\"publisher\":{\"@id\":\"https:\\\/\\\/torrevequia.com\\\/#organization\"},\"alternateName\":\"Aceite de Oliva Virgen Extra TORREVEQUIA: tradici\u00f3n, sostenibilidad y calidad.\",\"potentialAction\":[{\"@type\":\"SearchAction\",\"target\":{\"@type\":\"EntryPoint\",\"urlTemplate\":\"https:\\\/\\\/torrevequia.com\\\/?s={search_term_string}\"},\"query-input\":{\"@type\":\"PropertyValueSpecification\",\"valueRequired\":true,\"valueName\":\"search_term_string\"}}],\"inLanguage\":\"en-GB\"},{\"@type\":\"Organization\",\"@id\":\"https:\\\/\\\/torrevequia.com\\\/#organization\",\"name\":\"Torrevequia\",\"url\":\"https:\\\/\\\/torrevequia.com\\\/\",\"logo\":{\"@type\":\"ImageObject\",\"inLanguage\":\"en-GB\",\"@id\":\"https:\\\/\\\/torrevequia.com\\\/#\\\/schema\\\/logo\\\/image\\\/\",\"url\":\"https:\\\/\\\/torrevequia.com\\\/wp-content\\\/uploads\\\/2025\\\/03\\\/TORREVEQUIA-negro-scaled.jpg\",\"contentUrl\":\"https:\\\/\\\/torrevequia.com\\\/wp-content\\\/uploads\\\/2025\\\/03\\\/TORREVEQUIA-negro-scaled.jpg\",\"width\":2560,\"height\":2560,\"caption\":\"Torrevequia\"},\"image\":{\"@id\":\"https:\\\/\\\/torrevequia.com\\\/#\\\/schema\\\/logo\\\/image\\\/\"},\"sameAs\":[\"https:\\\/\\\/facebook.com\\\/share\\\/15myzvFqeN\\\/?mibextid=wwXlfr\",\"https:\\\/\\\/www.instagram.com\\\/torrevequia\\\/?hl=es\"]}]}<\/script>\n<!-- \/ Yoast SEO plugin. -->","yoast_head_json":{"title":"IFS PF - Torrevequia","description":"La certificaci\u00f3n IFS PF otorga a Torrevequia la certificaci\u00f3n de auditor\u00edas de elevado nivel dentro de la industria agroalimentaria.","robots":{"index":"index","follow":"follow","max-snippet":"max-snippet:-1","max-image-preview":"max-image-preview:large","max-video-preview":"max-video-preview:-1"},"canonical":"https:\/\/torrevequia.com\/en\/ifs-pf\/","og_locale":"en_GB","og_type":"article","og_title":"IFS PF - Torrevequia","og_description":"La certificaci\u00f3n IFS PF otorga a Torrevequia la certificaci\u00f3n de auditor\u00edas de elevado nivel dentro de la industria agroalimentaria.","og_url":"https:\/\/torrevequia.com\/en\/ifs-pf\/","og_site_name":"Torrevequia","article_publisher":"https:\/\/facebook.com\/share\/15myzvFqeN\/?mibextid=wwXlfr","article_modified_time":"2025-04-08T13:27:27+00:00","og_image":[{"width":1810,"height":2560,"url":"https:\/\/torrevequia.com\/wp-content\/uploads\/2025\/03\/Sin-titulo-2_Mesa-de-trabajo-1-scaled.jpg","type":"image\/jpeg"}],"twitter_card":"summary_large_image","twitter_misc":{"Estimated reading time":"1 minute"},"schema":{"@context":"https:\/\/schema.org","@graph":[{"@type":"WebPage","@id":"https:\/\/torrevequia.com\/ifs-pf\/","url":"https:\/\/torrevequia.com\/ifs-pf\/","name":"IFS PF - Torrevequia","isPartOf":{"@id":"https:\/\/torrevequia.com\/#website"},"primaryImageOfPage":{"@id":"https:\/\/torrevequia.com\/ifs-pf\/#primaryimage"},"image":{"@id":"https:\/\/torrevequia.com\/ifs-pf\/#primaryimage"},"thumbnailUrl":"https:\/\/torrevequia.com\/wp-content\/uploads\/2025\/03\/Sin-titulo-2_Mesa-de-trabajo-1-724x1024.jpg","datePublished":"2025-03-18T12:02:16+00:00","dateModified":"2025-04-08T13:27:27+00:00","description":"La certificaci\u00f3n IFS PF otorga a Torrevequia la certificaci\u00f3n de auditor\u00edas de elevado nivel dentro de la industria agroalimentaria.","breadcrumb":{"@id":"https:\/\/torrevequia.com\/ifs-pf\/#breadcrumb"},"inLanguage":"en-GB","potentialAction":[{"@type":"ReadAction","target":["https:\/\/torrevequia.com\/ifs-pf\/"]}]},{"@type":"ImageObject","inLanguage":"en-GB","@id":"https:\/\/torrevequia.com\/ifs-pf\/#primaryimage","url":"https:\/\/torrevequia.com\/wp-content\/uploads\/2025\/03\/Sin-titulo-2_Mesa-de-trabajo-1-724x1024.jpg","contentUrl":"https:\/\/torrevequia.com\/wp-content\/uploads\/2025\/03\/Sin-titulo-2_Mesa-de-trabajo-1-724x1024.jpg"},{"@type":"BreadcrumbList","@id":"https:\/\/torrevequia.com\/ifs-pf\/#breadcrumb","itemListElement":[{"@type":"ListItem","position":1,"name":"Portada","item":"https:\/\/torrevequia.com\/"},{"@type":"ListItem","position":2,"name":"IFS PF"}]},{"@type":"WebSite","@id":"https:\/\/torrevequia.com\/#website","url":"https:\/\/torrevequia.com\/","name":"Torrevequia","description":"Aceite de Oliva Virgen Extra TORREVEQUIA: tradici\u00f3n, calidad y sostenibilidad.","publisher":{"@id":"https:\/\/torrevequia.com\/#organization"},"alternateName":"Aceite de Oliva Virgen Extra TORREVEQUIA: tradici\u00f3n, sostenibilidad y calidad.","potentialAction":[{"@type":"SearchAction","target":{"@type":"EntryPoint","urlTemplate":"https:\/\/torrevequia.com\/?s={search_term_string}"},"query-input":{"@type":"PropertyValueSpecification","valueRequired":true,"valueName":"search_term_string"}}],"inLanguage":"en-GB"},{"@type":"Organization","@id":"https:\/\/torrevequia.com\/#organization","name":"Torrevequia","url":"https:\/\/torrevequia.com\/","logo":{"@type":"ImageObject","inLanguage":"en-GB","@id":"https:\/\/torrevequia.com\/#\/schema\/logo\/image\/","url":"https:\/\/torrevequia.com\/wp-content\/uploads\/2025\/03\/TORREVEQUIA-negro-scaled.jpg","contentUrl":"https:\/\/torrevequia.com\/wp-content\/uploads\/2025\/03\/TORREVEQUIA-negro-scaled.jpg","width":2560,"height":2560,"caption":"Torrevequia"},"image":{"@id":"https:\/\/torrevequia.com\/#\/schema\/logo\/image\/"},"sameAs":["https:\/\/facebook.com\/share\/15myzvFqeN\/?mibextid=wwXlfr","https:\/\/www.instagram.com\/torrevequia\/?hl=es"]}]}},"_links":{"self":[{"href":"https:\/\/torrevequia.com\/en\/wp-json\/wp\/v2\/pages\/53","targetHints":{"allow":["GET"]}}],"collection":[{"href":"https:\/\/torrevequia.com\/en\/wp-json\/wp\/v2\/pages"}],"about":[{"href":"https:\/\/torrevequia.com\/en\/wp-json\/wp\/v2\/types\/page"}],"author":[{"embeddable":true,"href":"https:\/\/torrevequia.com\/en\/wp-json\/wp\/v2\/users\/1"}],"replies":[{"embeddable":true,"href":"https:\/\/torrevequia.com\/en\/wp-json\/wp\/v2\/comments?post=53"}],"version-history":[{"count":0,"href":"https:\/\/torrevequia.com\/en\/wp-json\/wp\/v2\/pages\/53\/revisions"}],"wp:attachment":[{"href":"https:\/\/torrevequia.com\/en\/wp-json\/wp\/v2\/media?parent=53"}],"curies":[{"name":"wp","href":"https:\/\/api.w.org\/{rel}","templated":true}]}}